{"id":84078,"date":"2025-05-05T09:01:49","date_gmt":"2025-05-05T07:01:49","guid":{"rendered":"https:\/\/www.palarasol.it\/?post_type=product&#038;p=84078"},"modified":"2025-07-23T11:20:15","modified_gmt":"2025-07-23T09:20:15","slug":"novara-155x155-cm-outlet","status":"publish","type":"product","link":"https:\/\/www.palarasol.it\/fr\/shop\/parasols-fr\/novara-155x155-cm-outlet\/","title":{"rendered":"Novara 155&#215;155 cm"},"content":{"rendered":"<p><strong><span class=\"Y2IQFc\" lang=\"fr\">Couleur<\/span>: <\/strong>ecr\u00f9<\/p>\n<p><strong>Mat\u00e9riel:<\/strong> polyester standard 140g<br \/>\n<strong>R\u00e9sistance des couleurs \u00e0 la lumi\u00e8re<\/strong>: 4-6<br \/>\nSans lambrequins<\/p>\n<p><strong>MONTURE<br \/>\nMat:<\/strong> acier mm 27\/30 blanc or 22\/25 noir sabl\u00e8, hauteur r\u00e9able, avec inclinaison m\u00e9tal<br \/>\n<strong>Baguettes:<\/strong> parangon<\/p>\n<p><strong>Doublure<\/strong> d\u2019\u00e9paulelibre<br \/>\n<strong>Fabriqu\u00e9 en Italie.<\/strong><br \/>\nPi\u00e9destal non inclus (disponible sur commande)<br \/>\nPoids par base&gt;15 kg<\/p>\n","protected":false},"excerpt":{"rendered":"<p>Art 113q &#8211; Maffei &#8211; parapluie carr\u00e9 cm 155&#215;155\/4<\/p>\n<p><img decoding=\"async\" class=\"alignnone wp-image-77185\" src=\"https:\/\/www.palarasol.it\/wp-content\/uploads\/2020\/06\/schema-113q-300x172.png\" alt=\"schema-113q\" width=\"174\" height=\"100\" srcset=\"https:\/\/www.palarasol.it\/wp-content\/uploads\/2020\/06\/schema-113q-300x172.png 300w, https:\/\/www.palarasol.it\/wp-content\/uploads\/2020\/06\/schema-113q.png 329w\" sizes=\"(max-width: 174px) 100vw, 174px\" \/><\/p>\n","protected":false},"featured_media":85535,"template":"","meta":{"_acf_changed":false,"_monsterinsights_skip_tracking":false,"_monsterinsights_sitenote_active":false,"_monsterinsights_sitenote_note":"","_monsterinsights_sitenote_category":0},"product_brand":[],"product_cat":[440,541,1077],"product_tag":[436,452,938,788,747,980,897,939],"class_list":{"0":"post-84078","1":"product","2":"type-product","3":"status-publish","4":"has-post-thumbnail","6":"product_cat-parasols-fr","7":"product_cat-parasols-standard","8":"product_cat-sortie","9":"product_tag-fabrique-en-italie","10":"product_tag-maffei-fr","11":"product_tag-mer","12":"product_tag-parapluies-classiques","13":"product_tag-parapluies-maffei","14":"product_tag-parasol-avec-des-depliants","15":"product_tag-parasol-rectangulaire","16":"product_tag-plage","18":"first","19":"instock","20":"sale","21":"shipping-taxable","22":"purchasable","23":"product-type-simple"},"acf":[],"yoast_head":"<!-- This site is optimized with the Yoast SEO plugin v27.2 - https:\/\/yoast.com\/product\/yoast-seo-wordpress\/ -->\n<title>Novara 155x155 cm - Palarasol<\/title>\n<meta name=\"description\" content=\"Mat\u00e9riel: polyester standard 140g R\u00e9sistance des couleurs \u00e0 la lumi\u00e8re: 4-6 MONTURE Mat: acier mm 27\/30 blanc or 22\/25 noir sabl\u00e8, hauteur r\u00e9able, avec inclinaison m\u00e9tal Doublure d\u2019\u00e9paulelibre\" \/>\n<meta name=\"robots\" content=\"index, follow, max-snippet:-1, max-image-preview:large, max-video-preview:-1\" \/>\n<link rel=\"canonical\" href=\"https:\/\/www.palarasol.it\/fr\/shop\/parasols-fr\/novara-155x155-cm-outlet\/\" \/>\n<meta property=\"og:locale\" content=\"fr_FR\" \/>\n<meta property=\"og:type\" content=\"article\" \/>\n<meta property=\"og:title\" content=\"Novara 155x155 cm - Palarasol\" \/>\n<meta property=\"og:description\" content=\"Mat\u00e9riel: polyester standard 140g R\u00e9sistance des couleurs \u00e0 la lumi\u00e8re: 4-6 MONTURE Mat: acier mm 27\/30 blanc or 22\/25 noir sabl\u00e8, hauteur r\u00e9able, avec inclinaison m\u00e9tal Doublure d\u2019\u00e9paulelibre\" \/>\n<meta property=\"og:url\" content=\"https:\/\/www.palarasol.it\/fr\/shop\/parasols-fr\/novara-155x155-cm-outlet\/\" \/>\n<meta property=\"og:site_name\" content=\"Palarasol\" \/>\n<meta property=\"article:publisher\" content=\"https:\/\/www.facebook.com\/palarasol\" \/>\n<meta property=\"article:modified_time\" content=\"2025-07-23T09:20:15+00:00\" \/>\n<meta property=\"og:image\" content=\"https:\/\/www.palarasol.it\/wp-content\/uploads\/2025\/04\/113q-scaled.jpg\" \/>\n\t<meta property=\"og:image:width\" content=\"2560\" \/>\n\t<meta property=\"og:image:height\" content=\"1920\" \/>\n\t<meta property=\"og:image:type\" content=\"image\/jpeg\" \/>\n<meta name=\"twitter:card\" content=\"summary_large_image\" \/>\n<meta name=\"twitter:site\" content=\"@palarasol\" \/>\n<meta name=\"twitter:label1\" content=\"Dur\u00e9e de lecture estim\u00e9e\" \/>\n\t<meta name=\"twitter:data1\" content=\"1 minute\" \/>\n<script type=\"application\/ld+json\" class=\"yoast-schema-graph\">{\"@context\":\"https:\/\/schema.org\",\"@graph\":[{\"@type\":\"WebPage\",\"@id\":\"https:\/\/www.palarasol.it\/fr\/shop\/parasols-fr\/novara-155x155-cm-outlet\/\",\"url\":\"https:\/\/www.palarasol.it\/fr\/shop\/parasols-fr\/novara-155x155-cm-outlet\/\",\"name\":\"Novara 155x155 cm - Palarasol\",\"isPartOf\":{\"@id\":\"http:\/\/www.palarasol.it\/fr\/#website\"},\"primaryImageOfPage\":{\"@id\":\"https:\/\/www.palarasol.it\/fr\/shop\/parasols-fr\/novara-155x155-cm-outlet\/#primaryimage\"},\"image\":{\"@id\":\"https:\/\/www.palarasol.it\/fr\/shop\/parasols-fr\/novara-155x155-cm-outlet\/#primaryimage\"},\"thumbnailUrl\":\"https:\/\/www.palarasol.it\/wp-content\/uploads\/2025\/05\/novara_113Q.jpg\",\"datePublished\":\"2025-05-05T07:01:49+00:00\",\"dateModified\":\"2025-07-23T09:20:15+00:00\",\"description\":\"Mat\u00e9riel: polyester standard 140g R\u00e9sistance des couleurs \u00e0 la lumi\u00e8re: 4-6 MONTURE Mat: acier mm 27\/30 blanc or 22\/25 noir sabl\u00e8, hauteur r\u00e9able, avec inclinaison m\u00e9tal Doublure d\u2019\u00e9paulelibre\",\"breadcrumb\":{\"@id\":\"https:\/\/www.palarasol.it\/fr\/shop\/parasols-fr\/novara-155x155-cm-outlet\/#breadcrumb\"},\"inLanguage\":\"fr-FR\",\"potentialAction\":[{\"@type\":\"ReadAction\",\"target\":[\"https:\/\/www.palarasol.it\/fr\/shop\/parasols-fr\/novara-155x155-cm-outlet\/\"]}]},{\"@type\":\"ImageObject\",\"inLanguage\":\"fr-FR\",\"@id\":\"https:\/\/www.palarasol.it\/fr\/shop\/parasols-fr\/novara-155x155-cm-outlet\/#primaryimage\",\"url\":\"https:\/\/www.palarasol.it\/wp-content\/uploads\/2025\/05\/novara_113Q.jpg\",\"contentUrl\":\"https:\/\/www.palarasol.it\/wp-content\/uploads\/2025\/05\/novara_113Q.jpg\",\"width\":1200,\"height\":900,\"caption\":\"novara_113Q\"},{\"@type\":\"BreadcrumbList\",\"@id\":\"https:\/\/www.palarasol.it\/fr\/shop\/parasols-fr\/novara-155x155-cm-outlet\/#breadcrumb\",\"itemListElement\":[{\"@type\":\"ListItem\",\"position\":1,\"name\":\"Home\",\"item\":\"https:\/\/www.palarasol.it\/fr\/10073-2\/\"},{\"@type\":\"ListItem\",\"position\":2,\"name\":\"Shop\",\"item\":\"http:\/\/stagingpalara4.it\/negozio\/\"},{\"@type\":\"ListItem\",\"position\":3,\"name\":\"Parasols standard\",\"item\":\"https:\/\/www.palarasol.it\/fr\/categorie-produit\/parasols-standard\/\"},{\"@type\":\"ListItem\",\"position\":4,\"name\":\"Novara 155&#215;155 cm\"}]},{\"@type\":\"WebSite\",\"@id\":\"http:\/\/www.palarasol.it\/fr\/#website\",\"url\":\"http:\/\/www.palarasol.it\/fr\/\",\"name\":\"Palarasol\",\"description\":\"\",\"publisher\":{\"@id\":\"http:\/\/www.palarasol.it\/fr\/#organization\"},\"potentialAction\":[{\"@type\":\"SearchAction\",\"target\":{\"@type\":\"EntryPoint\",\"urlTemplate\":\"http:\/\/www.palarasol.it\/fr\/?s={search_term_string}\"},\"query-input\":{\"@type\":\"PropertyValueSpecification\",\"valueRequired\":true,\"valueName\":\"search_term_string\"}}],\"inLanguage\":\"fr-FR\"},{\"@type\":\"Organization\",\"@id\":\"http:\/\/www.palarasol.it\/fr\/#organization\",\"name\":\"Palara Gianluca & C. S.a.s\",\"url\":\"http:\/\/www.palarasol.it\/fr\/\",\"logo\":{\"@type\":\"ImageObject\",\"inLanguage\":\"fr-FR\",\"@id\":\"http:\/\/www.palarasol.it\/fr\/#\/schema\/logo\/image\/\",\"url\":\"https:\/\/stagingpalara4.it\/wp-content\/uploads\/2015\/06\/logo.png\",\"contentUrl\":\"https:\/\/stagingpalara4.it\/wp-content\/uploads\/2015\/06\/logo.png\",\"width\":800,\"height\":189,\"caption\":\"Palara Gianluca & C. S.a.s\"},\"image\":{\"@id\":\"http:\/\/www.palarasol.it\/fr\/#\/schema\/logo\/image\/\"},\"sameAs\":[\"https:\/\/www.facebook.com\/palarasol\",\"https:\/\/x.com\/palarasol\"]}]}<\/script>\n<!-- \/ Yoast SEO plugin. -->","yoast_head_json":{"title":"Novara 155x155 cm - Palarasol","description":"Mat\u00e9riel: polyester standard 140g R\u00e9sistance des couleurs \u00e0 la lumi\u00e8re: 4-6 MONTURE Mat: acier mm 27\/30 blanc or 22\/25 noir sabl\u00e8, hauteur r\u00e9able, avec inclinaison m\u00e9tal Doublure d\u2019\u00e9paulelibre","robots":{"index":"index","follow":"follow","max-snippet":"max-snippet:-1","max-image-preview":"max-image-preview:large","max-video-preview":"max-video-preview:-1"},"canonical":"https:\/\/www.palarasol.it\/fr\/shop\/parasols-fr\/novara-155x155-cm-outlet\/","og_locale":"fr_FR","og_type":"article","og_title":"Novara 155x155 cm - Palarasol","og_description":"Mat\u00e9riel: polyester standard 140g R\u00e9sistance des couleurs \u00e0 la lumi\u00e8re: 4-6 MONTURE Mat: acier mm 27\/30 blanc or 22\/25 noir sabl\u00e8, hauteur r\u00e9able, avec inclinaison m\u00e9tal Doublure d\u2019\u00e9paulelibre","og_url":"https:\/\/www.palarasol.it\/fr\/shop\/parasols-fr\/novara-155x155-cm-outlet\/","og_site_name":"Palarasol","article_publisher":"https:\/\/www.facebook.com\/palarasol","article_modified_time":"2025-07-23T09:20:15+00:00","og_image":[{"width":2560,"height":1920,"url":"https:\/\/www.palarasol.it\/wp-content\/uploads\/2025\/04\/113q-scaled.jpg","type":"image\/jpeg"}],"twitter_card":"summary_large_image","twitter_site":"@palarasol","twitter_misc":{"Dur\u00e9e de lecture estim\u00e9e":"1 minute"},"schema":{"@context":"https:\/\/schema.org","@graph":[{"@type":"WebPage","@id":"https:\/\/www.palarasol.it\/fr\/shop\/parasols-fr\/novara-155x155-cm-outlet\/","url":"https:\/\/www.palarasol.it\/fr\/shop\/parasols-fr\/novara-155x155-cm-outlet\/","name":"Novara 155x155 cm - Palarasol","isPartOf":{"@id":"http:\/\/www.palarasol.it\/fr\/#website"},"primaryImageOfPage":{"@id":"https:\/\/www.palarasol.it\/fr\/shop\/parasols-fr\/novara-155x155-cm-outlet\/#primaryimage"},"image":{"@id":"https:\/\/www.palarasol.it\/fr\/shop\/parasols-fr\/novara-155x155-cm-outlet\/#primaryimage"},"thumbnailUrl":"https:\/\/www.palarasol.it\/wp-content\/uploads\/2025\/05\/novara_113Q.jpg","datePublished":"2025-05-05T07:01:49+00:00","dateModified":"2025-07-23T09:20:15+00:00","description":"Mat\u00e9riel: polyester standard 140g R\u00e9sistance des couleurs \u00e0 la lumi\u00e8re: 4-6 MONTURE Mat: acier mm 27\/30 blanc or 22\/25 noir sabl\u00e8, hauteur r\u00e9able, avec inclinaison m\u00e9tal Doublure d\u2019\u00e9paulelibre","breadcrumb":{"@id":"https:\/\/www.palarasol.it\/fr\/shop\/parasols-fr\/novara-155x155-cm-outlet\/#breadcrumb"},"inLanguage":"fr-FR","potentialAction":[{"@type":"ReadAction","target":["https:\/\/www.palarasol.it\/fr\/shop\/parasols-fr\/novara-155x155-cm-outlet\/"]}]},{"@type":"ImageObject","inLanguage":"fr-FR","@id":"https:\/\/www.palarasol.it\/fr\/shop\/parasols-fr\/novara-155x155-cm-outlet\/#primaryimage","url":"https:\/\/www.palarasol.it\/wp-content\/uploads\/2025\/05\/novara_113Q.jpg","contentUrl":"https:\/\/www.palarasol.it\/wp-content\/uploads\/2025\/05\/novara_113Q.jpg","width":1200,"height":900,"caption":"novara_113Q"},{"@type":"BreadcrumbList","@id":"https:\/\/www.palarasol.it\/fr\/shop\/parasols-fr\/novara-155x155-cm-outlet\/#breadcrumb","itemListElement":[{"@type":"ListItem","position":1,"name":"Home","item":"https:\/\/www.palarasol.it\/fr\/10073-2\/"},{"@type":"ListItem","position":2,"name":"Shop","item":"http:\/\/stagingpalara4.it\/negozio\/"},{"@type":"ListItem","position":3,"name":"Parasols standard","item":"https:\/\/www.palarasol.it\/fr\/categorie-produit\/parasols-standard\/"},{"@type":"ListItem","position":4,"name":"Novara 155&#215;155 cm"}]},{"@type":"WebSite","@id":"http:\/\/www.palarasol.it\/fr\/#website","url":"http:\/\/www.palarasol.it\/fr\/","name":"Palarasol","description":"","publisher":{"@id":"http:\/\/www.palarasol.it\/fr\/#organization"},"potentialAction":[{"@type":"SearchAction","target":{"@type":"EntryPoint","urlTemplate":"http:\/\/www.palarasol.it\/fr\/?s={search_term_string}"},"query-input":{"@type":"PropertyValueSpecification","valueRequired":true,"valueName":"search_term_string"}}],"inLanguage":"fr-FR"},{"@type":"Organization","@id":"http:\/\/www.palarasol.it\/fr\/#organization","name":"Palara Gianluca & C. S.a.s","url":"http:\/\/www.palarasol.it\/fr\/","logo":{"@type":"ImageObject","inLanguage":"fr-FR","@id":"http:\/\/www.palarasol.it\/fr\/#\/schema\/logo\/image\/","url":"https:\/\/stagingpalara4.it\/wp-content\/uploads\/2015\/06\/logo.png","contentUrl":"https:\/\/stagingpalara4.it\/wp-content\/uploads\/2015\/06\/logo.png","width":800,"height":189,"caption":"Palara Gianluca & C. S.a.s"},"image":{"@id":"http:\/\/www.palarasol.it\/fr\/#\/schema\/logo\/image\/"},"sameAs":["https:\/\/www.facebook.com\/palarasol","https:\/\/x.com\/palarasol"]}]}},"_links":{"self":[{"href":"https:\/\/www.palarasol.it\/fr\/wp-json\/wp\/v2\/product\/84078","targetHints":{"allow":["GET"]}}],"collection":[{"href":"https:\/\/www.palarasol.it\/fr\/wp-json\/wp\/v2\/product"}],"about":[{"href":"https:\/\/www.palarasol.it\/fr\/wp-json\/wp\/v2\/types\/product"}],"version-history":[{"count":0,"href":"https:\/\/www.palarasol.it\/fr\/wp-json\/wp\/v2\/product\/84078\/revisions"}],"wp:featuredmedia":[{"embeddable":true,"href":"https:\/\/www.palarasol.it\/fr\/wp-json\/wp\/v2\/media\/85535"}],"wp:attachment":[{"href":"https:\/\/www.palarasol.it\/fr\/wp-json\/wp\/v2\/media?parent=84078"}],"wp:term":[{"taxonomy":"product_brand","embeddable":true,"href":"https:\/\/www.palarasol.it\/fr\/wp-json\/wp\/v2\/product_brand?post=84078"},{"taxonomy":"product_cat","embeddable":true,"href":"https:\/\/www.palarasol.it\/fr\/wp-json\/wp\/v2\/product_cat?post=84078"},{"taxonomy":"product_tag","embeddable":true,"href":"https:\/\/www.palarasol.it\/fr\/wp-json\/wp\/v2\/product_tag?post=84078"}],"curies":[{"name":"wp","href":"https:\/\/api.w.org\/{rel}","templated":true}]}}