{"id":84323,"date":"2025-05-06T08:56:25","date_gmt":"2025-05-06T06:56:25","guid":{"rendered":"https:\/\/www.palarasol.it\/?post_type=product&#038;p=84323"},"modified":"2025-05-22T08:55:18","modified_gmt":"2025-05-22T06:55:18","slug":"malta-100-8-d200-sq-outlet","status":"publish","type":"product","link":"https:\/\/www.palarasol.it\/fr\/shop\/non class\u00e9\/malta-100-8-d200-sq-outlet\/","title":{"rendered":"Malta 100\/8-D200 SQ"},"content":{"rendered":"<p><strong>Couleurs: <\/strong>Blanc\/Rouge<\/p>\n<p><strong>Mat\u00e9riel:<\/strong> Polyester suppl\u00e9mentaire 210 gr\/TexMa gr 190; imperm\u00e9able \u00e0 l\u2019eau; Anti-moisissure<br \/>\n<strong>R\u00e9sistance des couleurs \u00e0 la lumi\u00e8re:<\/strong> 6\u00e8me<br \/>\n<strong>Protection UV<\/strong>: 50 degr\u00e9s<br \/>\nCadre en acier avec poteau de 27\/30 mm, hauteur blanche, fixe et jonction en nylon<br \/>\nBaguettes : acier de 3,80 mm blanc<br \/>\n<strong>Doublure d\u2019\u00e9paule libre<\/strong><br \/>\nFabriqu\u00e9 en Italie.<br \/>\nOreillers coordonn\u00e9s disponibles<br \/>\nUne base pesant &lt; 15 kg est indiqu\u00e9e. Base non incluse.<\/p>\n","protected":false},"excerpt":{"rendered":"<p>ART.18 &#8211; Maffei &#8211; 100\/8 CM SQ (200\/8 SQ) h 215<\/p>\n<p><a href=\"https:\/\/www.palarasol.it\/wp-content\/uploads\/2019\/06\/schema-18-2-300x154.jpg\"><img decoding=\"async\" class=\"alignnone size-medium wp-image-82213\" src=\"https:\/\/www.palarasol.it\/wp-content\/uploads\/2019\/06\/schema-18-2-300x154.jpg\" alt=\"\" width=\"300\" height=\"154\" srcset=\"https:\/\/www.palarasol.it\/wp-content\/uploads\/2019\/06\/schema-18-2-300x154.jpg 300w, https:\/\/www.palarasol.it\/wp-content\/uploads\/2019\/06\/schema-18-2-1024x524.jpg 1024w, https:\/\/www.palarasol.it\/wp-content\/uploads\/2019\/06\/schema-18-2-768x393.jpg 768w, https:\/\/www.palarasol.it\/wp-content\/uploads\/2019\/06\/schema-18-2-600x307.jpg 600w, https:\/\/www.palarasol.it\/wp-content\/uploads\/2019\/06\/schema-18-2.jpg 1200w\" sizes=\"(max-width: 300px) 100vw, 300px\" \/><\/a><\/p>\n","protected":false},"featured_media":84339,"template":"","meta":{"_acf_changed":false,"_monsterinsights_skip_tracking":false,"_monsterinsights_sitenote_active":false,"_monsterinsights_sitenote_note":"","_monsterinsights_sitenote_category":0},"product_brand":[],"product_cat":[],"product_tag":[548,448,436,550,747,435,549,438],"class_list":{"0":"post-84323","1":"product","2":"type-product","3":"status-publish","4":"has-post-thumbnail","6":"product_tag-acier","7":"product_tag-design-fr","8":"product_tag-fabrique-en-italie","9":"product_tag-impermeable-fr","10":"product_tag-parapluies-maffei","11":"product_tag-parasol-fr","12":"product_tag-polyma-fr","13":"product_tag-protection-uv","15":"first","16":"outofstock","17":"sale","18":"shipping-taxable","19":"purchasable","20":"product-type-simple"},"acf":[],"yoast_head":"<!-- This site is optimized with the Yoast SEO plugin v27.2 - https:\/\/yoast.com\/product\/yoast-seo-wordpress\/ -->\n<title>Malta 100\/8-D200 SQ - Palarasol<\/title>\n<meta name=\"description\" content=\"Parasol de conception - Malte Parasol diam\u00e8tre rond cm. 200, tissu Polyma, cadre en acier de 33\/33 mm avec inclinaison, 8 baguettes. Fabriqu\u00e9 en Italie.\" \/>\n<meta name=\"robots\" content=\"index, follow, max-snippet:-1, max-image-preview:large, max-video-preview:-1\" \/>\n<link rel=\"canonical\" href=\"https:\/\/www.palarasol.it\/fr\/shop\/non%20class\u00e9\/malta-100-8-d200-sq-outlet\/\" \/>\n<meta property=\"og:locale\" content=\"fr_FR\" \/>\n<meta property=\"og:type\" content=\"article\" \/>\n<meta property=\"og:title\" content=\"Malta 100\/8-D200 SQ - Palarasol\" \/>\n<meta property=\"og:description\" content=\"Parasol de conception - Malte Parasol diam\u00e8tre rond cm. 200, tissu Polyma, cadre en acier de 33\/33 mm avec inclinaison, 8 baguettes. Fabriqu\u00e9 en Italie.\" \/>\n<meta property=\"og:url\" content=\"https:\/\/www.palarasol.it\/fr\/shop\/non class\u00e9\/malta-100-8-d200-sq-outlet\/\" \/>\n<meta property=\"og:site_name\" content=\"Palarasol\" \/>\n<meta property=\"article:publisher\" content=\"https:\/\/www.facebook.com\/palarasol\" \/>\n<meta property=\"article:modified_time\" content=\"2025-05-22T06:55:18+00:00\" \/>\n<meta property=\"og:image\" content=\"https:\/\/www.palarasol.it\/wp-content\/uploads\/2025\/05\/IMG_4598-scaled.jpg\" \/>\n\t<meta property=\"og:image:width\" content=\"2560\" \/>\n\t<meta property=\"og:image:height\" content=\"1920\" \/>\n\t<meta property=\"og:image:type\" content=\"image\/jpeg\" \/>\n<meta name=\"twitter:card\" content=\"summary_large_image\" \/>\n<meta name=\"twitter:site\" content=\"@palarasol\" \/>\n<meta name=\"twitter:label1\" content=\"Dur\u00e9e de lecture estim\u00e9e\" \/>\n\t<meta name=\"twitter:data1\" content=\"1 minute\" \/>\n<script type=\"application\/ld+json\" class=\"yoast-schema-graph\">{\"@context\":\"https:\/\/schema.org\",\"@graph\":[{\"@type\":\"WebPage\",\"@id\":\"https:\/\/www.palarasol.it\/fr\/shop\/non class\u00e9\/malta-100-8-d200-sq-outlet\/\",\"url\":\"https:\/\/www.palarasol.it\/fr\/shop\/non class\u00e9\/malta-100-8-d200-sq-outlet\/\",\"name\":\"Malta 100\/8-D200 SQ - Palarasol\",\"isPartOf\":{\"@id\":\"http:\/\/www.palarasol.it\/fr\/#website\"},\"primaryImageOfPage\":{\"@id\":\"https:\/\/www.palarasol.it\/fr\/shop\/non class\u00e9\/malta-100-8-d200-sq-outlet\/#primaryimage\"},\"image\":{\"@id\":\"https:\/\/www.palarasol.it\/fr\/shop\/non class\u00e9\/malta-100-8-d200-sq-outlet\/#primaryimage\"},\"thumbnailUrl\":\"https:\/\/www.palarasol.it\/wp-content\/uploads\/2025\/05\/IMG_4598-scaled.jpg\",\"datePublished\":\"2025-05-06T06:56:25+00:00\",\"dateModified\":\"2025-05-22T06:55:18+00:00\",\"description\":\"Parasol de conception - Malte Parasol diam\u00e8tre rond cm. 200, tissu Polyma, cadre en acier de 33\/33 mm avec inclinaison, 8 baguettes. Fabriqu\u00e9 en Italie.\",\"breadcrumb\":{\"@id\":\"https:\/\/www.palarasol.it\/fr\/shop\/non class\u00e9\/malta-100-8-d200-sq-outlet\/#breadcrumb\"},\"inLanguage\":\"fr-FR\",\"potentialAction\":[{\"@type\":\"ReadAction\",\"target\":[\"https:\/\/www.palarasol.it\/fr\/shop\/non class\u00e9\/malta-100-8-d200-sq-outlet\/\"]}]},{\"@type\":\"ImageObject\",\"inLanguage\":\"fr-FR\",\"@id\":\"https:\/\/www.palarasol.it\/fr\/shop\/non class\u00e9\/malta-100-8-d200-sq-outlet\/#primaryimage\",\"url\":\"https:\/\/www.palarasol.it\/wp-content\/uploads\/2025\/05\/IMG_4598-scaled.jpg\",\"contentUrl\":\"https:\/\/www.palarasol.it\/wp-content\/uploads\/2025\/05\/IMG_4598-scaled.jpg\",\"width\":2560,\"height\":1920},{\"@type\":\"BreadcrumbList\",\"@id\":\"https:\/\/www.palarasol.it\/fr\/shop\/non class\u00e9\/malta-100-8-d200-sq-outlet\/#breadcrumb\",\"itemListElement\":[{\"@type\":\"ListItem\",\"position\":1,\"name\":\"Home\",\"item\":\"https:\/\/www.palarasol.it\/fr\/10073-2\/\"},{\"@type\":\"ListItem\",\"position\":2,\"name\":\"Shop\",\"item\":\"http:\/\/stagingpalara4.it\/negozio\/\"},{\"@type\":\"ListItem\",\"position\":3,\"name\":\"Parasols design\",\"item\":\"https:\/\/www.palarasol.it\/fr\/categorie-produit\/parasols-design-fr\/\"},{\"@type\":\"ListItem\",\"position\":4,\"name\":\"Malta 100\/8-D200 SQ\"}]},{\"@type\":\"WebSite\",\"@id\":\"http:\/\/www.palarasol.it\/fr\/#website\",\"url\":\"http:\/\/www.palarasol.it\/fr\/\",\"name\":\"Palarasol\",\"description\":\"\",\"publisher\":{\"@id\":\"http:\/\/www.palarasol.it\/fr\/#organization\"},\"potentialAction\":[{\"@type\":\"SearchAction\",\"target\":{\"@type\":\"EntryPoint\",\"urlTemplate\":\"http:\/\/www.palarasol.it\/fr\/?s={search_term_string}\"},\"query-input\":{\"@type\":\"PropertyValueSpecification\",\"valueRequired\":true,\"valueName\":\"search_term_string\"}}],\"inLanguage\":\"fr-FR\"},{\"@type\":\"Organization\",\"@id\":\"http:\/\/www.palarasol.it\/fr\/#organization\",\"name\":\"Palara Gianluca & C. S.a.s\",\"url\":\"http:\/\/www.palarasol.it\/fr\/\",\"logo\":{\"@type\":\"ImageObject\",\"inLanguage\":\"fr-FR\",\"@id\":\"http:\/\/www.palarasol.it\/fr\/#\/schema\/logo\/image\/\",\"url\":\"https:\/\/stagingpalara4.it\/wp-content\/uploads\/2015\/06\/logo.png\",\"contentUrl\":\"https:\/\/stagingpalara4.it\/wp-content\/uploads\/2015\/06\/logo.png\",\"width\":800,\"height\":189,\"caption\":\"Palara Gianluca & C. S.a.s\"},\"image\":{\"@id\":\"http:\/\/www.palarasol.it\/fr\/#\/schema\/logo\/image\/\"},\"sameAs\":[\"https:\/\/www.facebook.com\/palarasol\",\"https:\/\/x.com\/palarasol\"]}]}<\/script>\n<!-- \/ Yoast SEO plugin. -->","yoast_head_json":{"title":"Malta 100\/8-D200 SQ - Palarasol","description":"Parasol de conception - Malte Parasol diam\u00e8tre rond cm. 200, tissu Polyma, cadre en acier de 33\/33 mm avec inclinaison, 8 baguettes. Fabriqu\u00e9 en Italie.","robots":{"index":"index","follow":"follow","max-snippet":"max-snippet:-1","max-image-preview":"max-image-preview:large","max-video-preview":"max-video-preview:-1"},"canonical":"https:\/\/www.palarasol.it\/fr\/shop\/non class\u00e9\/malta-100-8-d200-sq-outlet\/","og_locale":"fr_FR","og_type":"article","og_title":"Malta 100\/8-D200 SQ - Palarasol","og_description":"Parasol de conception - Malte Parasol diam\u00e8tre rond cm. 200, tissu Polyma, cadre en acier de 33\/33 mm avec inclinaison, 8 baguettes. Fabriqu\u00e9 en Italie.","og_url":"https:\/\/www.palarasol.it\/fr\/shop\/non class\u00e9\/malta-100-8-d200-sq-outlet\/","og_site_name":"Palarasol","article_publisher":"https:\/\/www.facebook.com\/palarasol","article_modified_time":"2025-05-22T06:55:18+00:00","og_image":[{"width":2560,"height":1920,"url":"https:\/\/www.palarasol.it\/wp-content\/uploads\/2025\/05\/IMG_4598-scaled.jpg","type":"image\/jpeg"}],"twitter_card":"summary_large_image","twitter_site":"@palarasol","twitter_misc":{"Dur\u00e9e de lecture estim\u00e9e":"1 minute"},"schema":{"@context":"https:\/\/schema.org","@graph":[{"@type":"WebPage","@id":"https:\/\/www.palarasol.it\/fr\/shop\/non class\u00e9\/malta-100-8-d200-sq-outlet\/","url":"https:\/\/www.palarasol.it\/fr\/shop\/non class\u00e9\/malta-100-8-d200-sq-outlet\/","name":"Malta 100\/8-D200 SQ - Palarasol","isPartOf":{"@id":"http:\/\/www.palarasol.it\/fr\/#website"},"primaryImageOfPage":{"@id":"https:\/\/www.palarasol.it\/fr\/shop\/non class\u00e9\/malta-100-8-d200-sq-outlet\/#primaryimage"},"image":{"@id":"https:\/\/www.palarasol.it\/fr\/shop\/non class\u00e9\/malta-100-8-d200-sq-outlet\/#primaryimage"},"thumbnailUrl":"https:\/\/www.palarasol.it\/wp-content\/uploads\/2025\/05\/IMG_4598-scaled.jpg","datePublished":"2025-05-06T06:56:25+00:00","dateModified":"2025-05-22T06:55:18+00:00","description":"Parasol de conception - Malte Parasol diam\u00e8tre rond cm. 200, tissu Polyma, cadre en acier de 33\/33 mm avec inclinaison, 8 baguettes. Fabriqu\u00e9 en Italie.","breadcrumb":{"@id":"https:\/\/www.palarasol.it\/fr\/shop\/non class\u00e9\/malta-100-8-d200-sq-outlet\/#breadcrumb"},"inLanguage":"fr-FR","potentialAction":[{"@type":"ReadAction","target":["https:\/\/www.palarasol.it\/fr\/shop\/non class\u00e9\/malta-100-8-d200-sq-outlet\/"]}]},{"@type":"ImageObject","inLanguage":"fr-FR","@id":"https:\/\/www.palarasol.it\/fr\/shop\/non class\u00e9\/malta-100-8-d200-sq-outlet\/#primaryimage","url":"https:\/\/www.palarasol.it\/wp-content\/uploads\/2025\/05\/IMG_4598-scaled.jpg","contentUrl":"https:\/\/www.palarasol.it\/wp-content\/uploads\/2025\/05\/IMG_4598-scaled.jpg","width":2560,"height":1920},{"@type":"BreadcrumbList","@id":"https:\/\/www.palarasol.it\/fr\/shop\/non class\u00e9\/malta-100-8-d200-sq-outlet\/#breadcrumb","itemListElement":[{"@type":"ListItem","position":1,"name":"Home","item":"https:\/\/www.palarasol.it\/fr\/10073-2\/"},{"@type":"ListItem","position":2,"name":"Shop","item":"http:\/\/stagingpalara4.it\/negozio\/"},{"@type":"ListItem","position":3,"name":"Parasols design","item":"https:\/\/www.palarasol.it\/fr\/categorie-produit\/parasols-design-fr\/"},{"@type":"ListItem","position":4,"name":"Malta 100\/8-D200 SQ"}]},{"@type":"WebSite","@id":"http:\/\/www.palarasol.it\/fr\/#website","url":"http:\/\/www.palarasol.it\/fr\/","name":"Palarasol","description":"","publisher":{"@id":"http:\/\/www.palarasol.it\/fr\/#organization"},"potentialAction":[{"@type":"SearchAction","target":{"@type":"EntryPoint","urlTemplate":"http:\/\/www.palarasol.it\/fr\/?s={search_term_string}"},"query-input":{"@type":"PropertyValueSpecification","valueRequired":true,"valueName":"search_term_string"}}],"inLanguage":"fr-FR"},{"@type":"Organization","@id":"http:\/\/www.palarasol.it\/fr\/#organization","name":"Palara Gianluca & C. S.a.s","url":"http:\/\/www.palarasol.it\/fr\/","logo":{"@type":"ImageObject","inLanguage":"fr-FR","@id":"http:\/\/www.palarasol.it\/fr\/#\/schema\/logo\/image\/","url":"https:\/\/stagingpalara4.it\/wp-content\/uploads\/2015\/06\/logo.png","contentUrl":"https:\/\/stagingpalara4.it\/wp-content\/uploads\/2015\/06\/logo.png","width":800,"height":189,"caption":"Palara Gianluca & C. S.a.s"},"image":{"@id":"http:\/\/www.palarasol.it\/fr\/#\/schema\/logo\/image\/"},"sameAs":["https:\/\/www.facebook.com\/palarasol","https:\/\/x.com\/palarasol"]}]}},"_links":{"self":[{"href":"https:\/\/www.palarasol.it\/fr\/wp-json\/wp\/v2\/product\/84323","targetHints":{"allow":["GET"]}}],"collection":[{"href":"https:\/\/www.palarasol.it\/fr\/wp-json\/wp\/v2\/product"}],"about":[{"href":"https:\/\/www.palarasol.it\/fr\/wp-json\/wp\/v2\/types\/product"}],"version-history":[{"count":0,"href":"https:\/\/www.palarasol.it\/fr\/wp-json\/wp\/v2\/product\/84323\/revisions"}],"wp:featuredmedia":[{"embeddable":true,"href":"https:\/\/www.palarasol.it\/fr\/wp-json\/wp\/v2\/media\/84339"}],"wp:attachment":[{"href":"https:\/\/www.palarasol.it\/fr\/wp-json\/wp\/v2\/media?parent=84323"}],"wp:term":[{"taxonomy":"product_brand","embeddable":true,"href":"https:\/\/www.palarasol.it\/fr\/wp-json\/wp\/v2\/product_brand?post=84323"},{"taxonomy":"product_cat","embeddable":true,"href":"https:\/\/www.palarasol.it\/fr\/wp-json\/wp\/v2\/product_cat?post=84323"},{"taxonomy":"product_tag","embeddable":true,"href":"https:\/\/www.palarasol.it\/fr\/wp-json\/wp\/v2\/product_tag?post=84323"}],"curies":[{"name":"wp","href":"https:\/\/api.w.org\/{rel}","templated":true}]}}