{"id":84470,"date":"2025-05-14T12:14:14","date_gmt":"2025-05-14T10:14:14","guid":{"rendered":"https:\/\/www.palarasol.it\/?post_type=product&#038;p=84470"},"modified":"2025-05-22T10:20:13","modified_gmt":"2025-05-22T08:20:13","slug":"venezia-alu-outlet","status":"publish","type":"product","link":"https:\/\/www.palarasol.it\/fr\/shop\/non class\u00e9\/venezia-alu-outlet\/","title":{"rendered":"Venezia Alu \u00f8200 cm jaune"},"content":{"rendered":"<p><iframe src=\"https:\/\/www.youtube.com\/embed\/nk3rIRhP0Yc?rel=0\" width=\"560\" height=\"315\" frameborder=\"0\" allowfullscreen=\"allowfullscreen\"><\/iframe><\/p>\n<p><strong>Couleur : <\/strong>blanc\/jaune<\/p>\n<p><strong>Mat\u00e9riel<\/strong>: coton duplex 200gr, uni\/imprim\u00e9 ou uni\/un<br \/>\n<strong>Solidit\u00e9 des couleurs<\/strong>: 5-6<br \/>\nBonne protection contre les UV<br \/>\nSangle de fermeture<br \/>\nAvec des lambrequins<br \/>\nDiam\u00e8tre 200 cm<br \/>\nCadre avec poteau mm 33\/37 en aluminium, hauteur fixe 215 cm, charni\u00e8re en m\u00e9tal<br \/>\nBaguettes : acier galvanis\u00e9 mm 4,5 crochet\u00e9s<br \/>\nDoublure avec sangle d&rsquo;\u00e9paule <strong>gratuite<\/strong><br \/>\n<strong>Fabriqu\u00e9 en Italie.<\/strong><br \/>\nUn poids de base &gt; de 15 kg est indiqu\u00e9. Base non incluse.<\/p>\n","protected":false},"excerpt":{"rendered":"<p>Art 181A Maffei &#8211; 100\/8 cm &#8211; 200 &#8211; h. 215 cm<\/p>\n<p><a href=\"https:\/\/www.palarasol.it\/wp-content\/uploads\/2017\/06\/schema-181a.jpg\"><img decoding=\"async\" class=\"alignnone wp-image-7221\" src=\"https:\/\/www.palarasol.it\/wp-content\/uploads\/2017\/06\/schema-181a.jpg\" alt=\"\" width=\"165\" height=\"100\" \/><\/a><\/p>\n","protected":false},"featured_media":84487,"template":"","meta":{"_acf_changed":false,"_monsterinsights_skip_tracking":false,"_monsterinsights_sitenote_active":false,"_monsterinsights_sitenote_note":"","_monsterinsights_sitenote_category":0},"product_brand":[],"product_cat":[],"product_tag":[900,987,448,986,436,452,747],"class_list":{"0":"post-84470","1":"product","2":"type-product","3":"status-publish","4":"has-post-thumbnail","6":"product_tag-aluminium","7":"product_tag-avec-vol","8":"product_tag-design-fr","9":"product_tag-duplex-de-coton","10":"product_tag-fabrique-en-italie","11":"product_tag-maffei-fr","12":"product_tag-parapluies-maffei","14":"first","15":"outofstock","16":"sale","17":"shipping-taxable","18":"purchasable","19":"product-type-simple"},"acf":[],"yoast_head":"<!-- This site is optimized with the Yoast SEO plugin v27.2 - https:\/\/yoast.com\/product\/yoast-seo-wordpress\/ -->\n<title>Venezia Alu \u00f8200 cm jaune - Palarasol<\/title>\n<meta name=\"description\" content=\"Venezia - Parasol ray\u00e9 - Made in Italy coton duplex 200gr, solidit\u00e9 des couleurs \u00e0 la lumi\u00e8re : 5-6. Facteur de protection UV : bon.\" \/>\n<meta name=\"robots\" content=\"index, follow, max-snippet:-1, max-image-preview:large, max-video-preview:-1\" \/>\n<link rel=\"canonical\" href=\"https:\/\/www.palarasol.it\/fr\/shop\/non%20class\u00e9\/venezia-alu-outlet\/\" \/>\n<meta property=\"og:locale\" content=\"fr_FR\" \/>\n<meta property=\"og:type\" content=\"article\" \/>\n<meta property=\"og:title\" content=\"Venezia Alu \u00f8200 cm jaune - Palarasol\" \/>\n<meta property=\"og:description\" content=\"Venezia - Parasol ray\u00e9 - Made in Italy coton duplex 200gr, solidit\u00e9 des couleurs \u00e0 la lumi\u00e8re : 5-6. Facteur de protection UV : bon.\" \/>\n<meta property=\"og:url\" content=\"https:\/\/www.palarasol.it\/fr\/shop\/non class\u00e9\/venezia-alu-outlet\/\" \/>\n<meta property=\"og:site_name\" content=\"Palarasol\" \/>\n<meta property=\"article:publisher\" content=\"https:\/\/www.facebook.com\/palarasol\" \/>\n<meta property=\"article:modified_time\" content=\"2025-05-22T08:20:13+00:00\" \/>\n<meta property=\"og:image\" content=\"https:\/\/www.palarasol.it\/wp-content\/uploads\/2025\/05\/181a-scaled.jpg\" \/>\n\t<meta property=\"og:image:width\" content=\"2560\" \/>\n\t<meta property=\"og:image:height\" content=\"1920\" \/>\n\t<meta property=\"og:image:type\" content=\"image\/jpeg\" \/>\n<meta name=\"twitter:card\" content=\"summary_large_image\" \/>\n<meta name=\"twitter:site\" content=\"@palarasol\" \/>\n<meta name=\"twitter:label1\" content=\"Dur\u00e9e de lecture estim\u00e9e\" \/>\n\t<meta name=\"twitter:data1\" content=\"1 minute\" \/>\n<script type=\"application\/ld+json\" class=\"yoast-schema-graph\">{\"@context\":\"https:\/\/schema.org\",\"@graph\":[{\"@type\":\"WebPage\",\"@id\":\"https:\/\/www.palarasol.it\/fr\/shop\/non class\u00e9\/venezia-alu-outlet\/\",\"url\":\"https:\/\/www.palarasol.it\/fr\/shop\/non class\u00e9\/venezia-alu-outlet\/\",\"name\":\"Venezia Alu \u00f8200 cm jaune - Palarasol\",\"isPartOf\":{\"@id\":\"http:\/\/www.palarasol.it\/fr\/#website\"},\"primaryImageOfPage\":{\"@id\":\"https:\/\/www.palarasol.it\/fr\/shop\/non class\u00e9\/venezia-alu-outlet\/#primaryimage\"},\"image\":{\"@id\":\"https:\/\/www.palarasol.it\/fr\/shop\/non class\u00e9\/venezia-alu-outlet\/#primaryimage\"},\"thumbnailUrl\":\"https:\/\/www.palarasol.it\/wp-content\/uploads\/2025\/05\/181a-scaled.jpg\",\"datePublished\":\"2025-05-14T10:14:14+00:00\",\"dateModified\":\"2025-05-22T08:20:13+00:00\",\"description\":\"Venezia - Parasol ray\u00e9 - Made in Italy coton duplex 200gr, solidit\u00e9 des couleurs \u00e0 la lumi\u00e8re : 5-6. Facteur de protection UV : bon.\",\"breadcrumb\":{\"@id\":\"https:\/\/www.palarasol.it\/fr\/shop\/non class\u00e9\/venezia-alu-outlet\/#breadcrumb\"},\"inLanguage\":\"fr-FR\",\"potentialAction\":[{\"@type\":\"ReadAction\",\"target\":[\"https:\/\/www.palarasol.it\/fr\/shop\/non class\u00e9\/venezia-alu-outlet\/\"]}]},{\"@type\":\"ImageObject\",\"inLanguage\":\"fr-FR\",\"@id\":\"https:\/\/www.palarasol.it\/fr\/shop\/non class\u00e9\/venezia-alu-outlet\/#primaryimage\",\"url\":\"https:\/\/www.palarasol.it\/wp-content\/uploads\/2025\/05\/181a-scaled.jpg\",\"contentUrl\":\"https:\/\/www.palarasol.it\/wp-content\/uploads\/2025\/05\/181a-scaled.jpg\",\"width\":2560,\"height\":1920},{\"@type\":\"BreadcrumbList\",\"@id\":\"https:\/\/www.palarasol.it\/fr\/shop\/non class\u00e9\/venezia-alu-outlet\/#breadcrumb\",\"itemListElement\":[{\"@type\":\"ListItem\",\"position\":1,\"name\":\"Home\",\"item\":\"https:\/\/www.palarasol.it\/fr\/10073-2\/\"},{\"@type\":\"ListItem\",\"position\":2,\"name\":\"Shop\",\"item\":\"http:\/\/stagingpalara4.it\/negozio\/\"},{\"@type\":\"ListItem\",\"position\":3,\"name\":\"Venezia Alu \u00f8200 cm jaune\"}]},{\"@type\":\"WebSite\",\"@id\":\"http:\/\/www.palarasol.it\/fr\/#website\",\"url\":\"http:\/\/www.palarasol.it\/fr\/\",\"name\":\"Palarasol\",\"description\":\"\",\"publisher\":{\"@id\":\"http:\/\/www.palarasol.it\/fr\/#organization\"},\"potentialAction\":[{\"@type\":\"SearchAction\",\"target\":{\"@type\":\"EntryPoint\",\"urlTemplate\":\"http:\/\/www.palarasol.it\/fr\/?s={search_term_string}\"},\"query-input\":{\"@type\":\"PropertyValueSpecification\",\"valueRequired\":true,\"valueName\":\"search_term_string\"}}],\"inLanguage\":\"fr-FR\"},{\"@type\":\"Organization\",\"@id\":\"http:\/\/www.palarasol.it\/fr\/#organization\",\"name\":\"Palara Gianluca & C. S.a.s\",\"url\":\"http:\/\/www.palarasol.it\/fr\/\",\"logo\":{\"@type\":\"ImageObject\",\"inLanguage\":\"fr-FR\",\"@id\":\"http:\/\/www.palarasol.it\/fr\/#\/schema\/logo\/image\/\",\"url\":\"https:\/\/stagingpalara4.it\/wp-content\/uploads\/2015\/06\/logo.png\",\"contentUrl\":\"https:\/\/stagingpalara4.it\/wp-content\/uploads\/2015\/06\/logo.png\",\"width\":800,\"height\":189,\"caption\":\"Palara Gianluca & C. S.a.s\"},\"image\":{\"@id\":\"http:\/\/www.palarasol.it\/fr\/#\/schema\/logo\/image\/\"},\"sameAs\":[\"https:\/\/www.facebook.com\/palarasol\",\"https:\/\/x.com\/palarasol\"]}]}<\/script>\n<!-- \/ Yoast SEO plugin. -->","yoast_head_json":{"title":"Venezia Alu \u00f8200 cm jaune - Palarasol","description":"Venezia - Parasol ray\u00e9 - Made in Italy coton duplex 200gr, solidit\u00e9 des couleurs \u00e0 la lumi\u00e8re : 5-6. Facteur de protection UV : bon.","robots":{"index":"index","follow":"follow","max-snippet":"max-snippet:-1","max-image-preview":"max-image-preview:large","max-video-preview":"max-video-preview:-1"},"canonical":"https:\/\/www.palarasol.it\/fr\/shop\/non class\u00e9\/venezia-alu-outlet\/","og_locale":"fr_FR","og_type":"article","og_title":"Venezia Alu \u00f8200 cm jaune - Palarasol","og_description":"Venezia - Parasol ray\u00e9 - Made in Italy coton duplex 200gr, solidit\u00e9 des couleurs \u00e0 la lumi\u00e8re : 5-6. Facteur de protection UV : bon.","og_url":"https:\/\/www.palarasol.it\/fr\/shop\/non class\u00e9\/venezia-alu-outlet\/","og_site_name":"Palarasol","article_publisher":"https:\/\/www.facebook.com\/palarasol","article_modified_time":"2025-05-22T08:20:13+00:00","og_image":[{"width":2560,"height":1920,"url":"https:\/\/www.palarasol.it\/wp-content\/uploads\/2025\/05\/181a-scaled.jpg","type":"image\/jpeg"}],"twitter_card":"summary_large_image","twitter_site":"@palarasol","twitter_misc":{"Dur\u00e9e de lecture estim\u00e9e":"1 minute"},"schema":{"@context":"https:\/\/schema.org","@graph":[{"@type":"WebPage","@id":"https:\/\/www.palarasol.it\/fr\/shop\/non class\u00e9\/venezia-alu-outlet\/","url":"https:\/\/www.palarasol.it\/fr\/shop\/non class\u00e9\/venezia-alu-outlet\/","name":"Venezia Alu \u00f8200 cm jaune - Palarasol","isPartOf":{"@id":"http:\/\/www.palarasol.it\/fr\/#website"},"primaryImageOfPage":{"@id":"https:\/\/www.palarasol.it\/fr\/shop\/non class\u00e9\/venezia-alu-outlet\/#primaryimage"},"image":{"@id":"https:\/\/www.palarasol.it\/fr\/shop\/non class\u00e9\/venezia-alu-outlet\/#primaryimage"},"thumbnailUrl":"https:\/\/www.palarasol.it\/wp-content\/uploads\/2025\/05\/181a-scaled.jpg","datePublished":"2025-05-14T10:14:14+00:00","dateModified":"2025-05-22T08:20:13+00:00","description":"Venezia - Parasol ray\u00e9 - Made in Italy coton duplex 200gr, solidit\u00e9 des couleurs \u00e0 la lumi\u00e8re : 5-6. Facteur de protection UV : bon.","breadcrumb":{"@id":"https:\/\/www.palarasol.it\/fr\/shop\/non class\u00e9\/venezia-alu-outlet\/#breadcrumb"},"inLanguage":"fr-FR","potentialAction":[{"@type":"ReadAction","target":["https:\/\/www.palarasol.it\/fr\/shop\/non class\u00e9\/venezia-alu-outlet\/"]}]},{"@type":"ImageObject","inLanguage":"fr-FR","@id":"https:\/\/www.palarasol.it\/fr\/shop\/non class\u00e9\/venezia-alu-outlet\/#primaryimage","url":"https:\/\/www.palarasol.it\/wp-content\/uploads\/2025\/05\/181a-scaled.jpg","contentUrl":"https:\/\/www.palarasol.it\/wp-content\/uploads\/2025\/05\/181a-scaled.jpg","width":2560,"height":1920},{"@type":"BreadcrumbList","@id":"https:\/\/www.palarasol.it\/fr\/shop\/non class\u00e9\/venezia-alu-outlet\/#breadcrumb","itemListElement":[{"@type":"ListItem","position":1,"name":"Home","item":"https:\/\/www.palarasol.it\/fr\/10073-2\/"},{"@type":"ListItem","position":2,"name":"Shop","item":"http:\/\/stagingpalara4.it\/negozio\/"},{"@type":"ListItem","position":3,"name":"Venezia Alu \u00f8200 cm jaune"}]},{"@type":"WebSite","@id":"http:\/\/www.palarasol.it\/fr\/#website","url":"http:\/\/www.palarasol.it\/fr\/","name":"Palarasol","description":"","publisher":{"@id":"http:\/\/www.palarasol.it\/fr\/#organization"},"potentialAction":[{"@type":"SearchAction","target":{"@type":"EntryPoint","urlTemplate":"http:\/\/www.palarasol.it\/fr\/?s={search_term_string}"},"query-input":{"@type":"PropertyValueSpecification","valueRequired":true,"valueName":"search_term_string"}}],"inLanguage":"fr-FR"},{"@type":"Organization","@id":"http:\/\/www.palarasol.it\/fr\/#organization","name":"Palara Gianluca & C. S.a.s","url":"http:\/\/www.palarasol.it\/fr\/","logo":{"@type":"ImageObject","inLanguage":"fr-FR","@id":"http:\/\/www.palarasol.it\/fr\/#\/schema\/logo\/image\/","url":"https:\/\/stagingpalara4.it\/wp-content\/uploads\/2015\/06\/logo.png","contentUrl":"https:\/\/stagingpalara4.it\/wp-content\/uploads\/2015\/06\/logo.png","width":800,"height":189,"caption":"Palara Gianluca & C. S.a.s"},"image":{"@id":"http:\/\/www.palarasol.it\/fr\/#\/schema\/logo\/image\/"},"sameAs":["https:\/\/www.facebook.com\/palarasol","https:\/\/x.com\/palarasol"]}]}},"_links":{"self":[{"href":"https:\/\/www.palarasol.it\/fr\/wp-json\/wp\/v2\/product\/84470","targetHints":{"allow":["GET"]}}],"collection":[{"href":"https:\/\/www.palarasol.it\/fr\/wp-json\/wp\/v2\/product"}],"about":[{"href":"https:\/\/www.palarasol.it\/fr\/wp-json\/wp\/v2\/types\/product"}],"version-history":[{"count":0,"href":"https:\/\/www.palarasol.it\/fr\/wp-json\/wp\/v2\/product\/84470\/revisions"}],"wp:featuredmedia":[{"embeddable":true,"href":"https:\/\/www.palarasol.it\/fr\/wp-json\/wp\/v2\/media\/84487"}],"wp:attachment":[{"href":"https:\/\/www.palarasol.it\/fr\/wp-json\/wp\/v2\/media?parent=84470"}],"wp:term":[{"taxonomy":"product_brand","embeddable":true,"href":"https:\/\/www.palarasol.it\/fr\/wp-json\/wp\/v2\/product_brand?post=84470"},{"taxonomy":"product_cat","embeddable":true,"href":"https:\/\/www.palarasol.it\/fr\/wp-json\/wp\/v2\/product_cat?post=84470"},{"taxonomy":"product_tag","embeddable":true,"href":"https:\/\/www.palarasol.it\/fr\/wp-json\/wp\/v2\/product_tag?post=84470"}],"curies":[{"name":"wp","href":"https:\/\/api.w.org\/{rel}","templated":true}]}}