{"id":85336,"date":"2017-07-04T11:04:44","date_gmt":"2017-07-04T09:04:44","guid":{"rendered":"https:\/\/www.palarasol.it\/shop\/non class\u00e9\/coussin-de-lit\/"},"modified":"2017-07-04T11:04:44","modified_gmt":"2017-07-04T09:04:44","slug":"coussin-de-lit","status":"publish","type":"product","link":"https:\/\/www.palarasol.it\/fr\/shop\/accessoires\/coussin-de-lit\/","title":{"rendered":"Coussin de lit"},"content":{"rendered":"<p><strong>Tissu :<\/strong> dralon 190 gr. Ouate exempte de CFC et rembourrage en polyur\u00e9thane<br \/>\n<strong>Dimensions<\/strong>: dossier 78cm, assise 112cm (total 190cm) largeur 58cm, \u00e9paisseur 5cm<br \/>\n<strong>Solidit\u00e9 des couleurs<\/strong>: 5-7<\/p>\n<p>Coordonn\u00e9 avec les parasols Allegro et Kronos de Maffei<br \/>\nMonopi\u00e8ce avec lacets. Housse amovible avec fermeture \u00e9clair<br \/>\n<strong>Fabriqu\u00e9 en Italie<\/strong><\/p>\n","protected":false},"excerpt":{"rendered":"<p>art 731 Maffei cm 190&#215;58 h. cm 5 <\/p>\n","protected":false},"featured_media":85337,"template":"","meta":{"_acf_changed":false,"_monsterinsights_skip_tracking":false,"_monsterinsights_sitenote_active":false,"_monsterinsights_sitenote_note":"","_monsterinsights_sitenote_category":0},"product_brand":[],"product_cat":[463,609],"product_tag":[1089,1088,1086,1087,436,533,452],"class_list":{"0":"post-85336","1":"product","2":"type-product","3":"status-publish","4":"has-post-thumbnail","6":"product_cat-accessoires","7":"product_cat-coussins","8":"product_tag-coussin-avec-housse-amovible","9":"product_tag-coussin-pour-lit-denfant","10":"product_tag-coussins-dexterieur","11":"product_tag-coussins-de-jardin","12":"product_tag-fabrique-en-italie","13":"product_tag-lettino-fr","14":"product_tag-maffei-fr","16":"first","17":"instock","18":"shipping-taxable","19":"purchasable","20":"product-type-variable"},"acf":[],"yoast_head":"<!-- This site is optimized with the Yoast SEO plugin v27.2 - https:\/\/yoast.com\/product\/yoast-seo-wordpress\/ -->\n<title>Coussin de lit avec lacets - Made in Italy - Palarasol<\/title>\n<meta name=\"description\" content=\"Coussin pour chaise longue avec lacets Fabriqu\u00e9 en Italie. Polyur\u00e9thane et ouate sans CFC Coordonn\u00e9 avec les parasols Allegro et Kronos de Maffei\" \/>\n<meta name=\"robots\" content=\"index, follow, max-snippet:-1, max-image-preview:large, max-video-preview:-1\" \/>\n<link rel=\"canonical\" href=\"https:\/\/www.palarasol.it\/fr\/shop\/accessoires\/coussin-de-lit\/\" \/>\n<meta property=\"og:locale\" content=\"fr_FR\" \/>\n<meta property=\"og:type\" content=\"article\" \/>\n<meta property=\"og:title\" content=\"Coussin de lit avec lacets - Made in Italy - Palarasol\" \/>\n<meta property=\"og:description\" content=\"Coussin pour chaise longue avec lacets Fabriqu\u00e9 en Italie. Polyur\u00e9thane et ouate sans CFC Coordonn\u00e9 avec les parasols Allegro et Kronos de Maffei\" \/>\n<meta property=\"og:url\" content=\"https:\/\/www.palarasol.it\/fr\/shop\/accessoires\/coussin-de-lit\/\" \/>\n<meta property=\"og:site_name\" content=\"Palarasol\" \/>\n<meta property=\"article:publisher\" content=\"https:\/\/www.facebook.com\/palarasol\" \/>\n<meta property=\"og:image\" content=\"https:\/\/www.palarasol.it\/wp-content\/uploads\/2017\/07\/cuscino-per-lettino-art731-3.jpg\" \/>\n\t<meta property=\"og:image:width\" content=\"1000\" \/>\n\t<meta property=\"og:image:height\" content=\"1000\" \/>\n\t<meta property=\"og:image:type\" content=\"image\/jpeg\" \/>\n<meta name=\"twitter:card\" content=\"summary_large_image\" \/>\n<meta name=\"twitter:site\" content=\"@palarasol\" \/>\n<script type=\"application\/ld+json\" class=\"yoast-schema-graph\">{\"@context\":\"https:\/\/schema.org\",\"@graph\":[{\"@type\":\"WebPage\",\"@id\":\"https:\/\/www.palarasol.it\/fr\/shop\/accessoires\/coussin-de-lit\/\",\"url\":\"https:\/\/www.palarasol.it\/fr\/shop\/accessoires\/coussin-de-lit\/\",\"name\":\"Coussin de lit avec lacets - Made in Italy - Palarasol\",\"isPartOf\":{\"@id\":\"http:\/\/www.palarasol.it\/fr\/#website\"},\"primaryImageOfPage\":{\"@id\":\"https:\/\/www.palarasol.it\/fr\/shop\/accessoires\/coussin-de-lit\/#primaryimage\"},\"image\":{\"@id\":\"https:\/\/www.palarasol.it\/fr\/shop\/accessoires\/coussin-de-lit\/#primaryimage\"},\"thumbnailUrl\":\"https:\/\/www.palarasol.it\/wp-content\/uploads\/2017\/07\/cuscino-per-lettino-art731-3.jpg\",\"datePublished\":\"2017-07-04T09:04:44+00:00\",\"description\":\"Coussin pour chaise longue avec lacets Fabriqu\u00e9 en Italie. Polyur\u00e9thane et ouate sans CFC Coordonn\u00e9 avec les parasols Allegro et Kronos de Maffei\",\"breadcrumb\":{\"@id\":\"https:\/\/www.palarasol.it\/fr\/shop\/accessoires\/coussin-de-lit\/#breadcrumb\"},\"inLanguage\":\"fr-FR\",\"potentialAction\":[{\"@type\":\"ReadAction\",\"target\":[\"https:\/\/www.palarasol.it\/fr\/shop\/accessoires\/coussin-de-lit\/\"]}]},{\"@type\":\"ImageObject\",\"inLanguage\":\"fr-FR\",\"@id\":\"https:\/\/www.palarasol.it\/fr\/shop\/accessoires\/coussin-de-lit\/#primaryimage\",\"url\":\"https:\/\/www.palarasol.it\/wp-content\/uploads\/2017\/07\/cuscino-per-lettino-art731-3.jpg\",\"contentUrl\":\"https:\/\/www.palarasol.it\/wp-content\/uploads\/2017\/07\/cuscino-per-lettino-art731-3.jpg\",\"width\":1000,\"height\":1000,\"caption\":\"cuscino per lettino\"},{\"@type\":\"BreadcrumbList\",\"@id\":\"https:\/\/www.palarasol.it\/fr\/shop\/accessoires\/coussin-de-lit\/#breadcrumb\",\"itemListElement\":[{\"@type\":\"ListItem\",\"position\":1,\"name\":\"Home\",\"item\":\"https:\/\/www.palarasol.it\/fr\/10073-2\/\"},{\"@type\":\"ListItem\",\"position\":2,\"name\":\"Shop\",\"item\":\"http:\/\/stagingpalara4.it\/negozio\/\"},{\"@type\":\"ListItem\",\"position\":3,\"name\":\"Coussin de lit\"}]},{\"@type\":\"WebSite\",\"@id\":\"http:\/\/www.palarasol.it\/fr\/#website\",\"url\":\"http:\/\/www.palarasol.it\/fr\/\",\"name\":\"Palarasol\",\"description\":\"\",\"publisher\":{\"@id\":\"http:\/\/www.palarasol.it\/fr\/#organization\"},\"potentialAction\":[{\"@type\":\"SearchAction\",\"target\":{\"@type\":\"EntryPoint\",\"urlTemplate\":\"http:\/\/www.palarasol.it\/fr\/?s={search_term_string}\"},\"query-input\":{\"@type\":\"PropertyValueSpecification\",\"valueRequired\":true,\"valueName\":\"search_term_string\"}}],\"inLanguage\":\"fr-FR\"},{\"@type\":\"Organization\",\"@id\":\"http:\/\/www.palarasol.it\/fr\/#organization\",\"name\":\"Palara Gianluca & C. S.a.s\",\"url\":\"http:\/\/www.palarasol.it\/fr\/\",\"logo\":{\"@type\":\"ImageObject\",\"inLanguage\":\"fr-FR\",\"@id\":\"http:\/\/www.palarasol.it\/fr\/#\/schema\/logo\/image\/\",\"url\":\"https:\/\/stagingpalara4.it\/wp-content\/uploads\/2015\/06\/logo.png\",\"contentUrl\":\"https:\/\/stagingpalara4.it\/wp-content\/uploads\/2015\/06\/logo.png\",\"width\":800,\"height\":189,\"caption\":\"Palara Gianluca & C. S.a.s\"},\"image\":{\"@id\":\"http:\/\/www.palarasol.it\/fr\/#\/schema\/logo\/image\/\"},\"sameAs\":[\"https:\/\/www.facebook.com\/palarasol\",\"https:\/\/x.com\/palarasol\"]}]}<\/script>\n<!-- \/ Yoast SEO plugin. -->","yoast_head_json":{"title":"Coussin de lit avec lacets - Made in Italy - Palarasol","description":"Coussin pour chaise longue avec lacets Fabriqu\u00e9 en Italie. Polyur\u00e9thane et ouate sans CFC Coordonn\u00e9 avec les parasols Allegro et Kronos de Maffei","robots":{"index":"index","follow":"follow","max-snippet":"max-snippet:-1","max-image-preview":"max-image-preview:large","max-video-preview":"max-video-preview:-1"},"canonical":"https:\/\/www.palarasol.it\/fr\/shop\/accessoires\/coussin-de-lit\/","og_locale":"fr_FR","og_type":"article","og_title":"Coussin de lit avec lacets - Made in Italy - Palarasol","og_description":"Coussin pour chaise longue avec lacets Fabriqu\u00e9 en Italie. Polyur\u00e9thane et ouate sans CFC Coordonn\u00e9 avec les parasols Allegro et Kronos de Maffei","og_url":"https:\/\/www.palarasol.it\/fr\/shop\/accessoires\/coussin-de-lit\/","og_site_name":"Palarasol","article_publisher":"https:\/\/www.facebook.com\/palarasol","og_image":[{"width":1000,"height":1000,"url":"https:\/\/www.palarasol.it\/wp-content\/uploads\/2017\/07\/cuscino-per-lettino-art731-3.jpg","type":"image\/jpeg"}],"twitter_card":"summary_large_image","twitter_site":"@palarasol","schema":{"@context":"https:\/\/schema.org","@graph":[{"@type":"WebPage","@id":"https:\/\/www.palarasol.it\/fr\/shop\/accessoires\/coussin-de-lit\/","url":"https:\/\/www.palarasol.it\/fr\/shop\/accessoires\/coussin-de-lit\/","name":"Coussin de lit avec lacets - Made in Italy - Palarasol","isPartOf":{"@id":"http:\/\/www.palarasol.it\/fr\/#website"},"primaryImageOfPage":{"@id":"https:\/\/www.palarasol.it\/fr\/shop\/accessoires\/coussin-de-lit\/#primaryimage"},"image":{"@id":"https:\/\/www.palarasol.it\/fr\/shop\/accessoires\/coussin-de-lit\/#primaryimage"},"thumbnailUrl":"https:\/\/www.palarasol.it\/wp-content\/uploads\/2017\/07\/cuscino-per-lettino-art731-3.jpg","datePublished":"2017-07-04T09:04:44+00:00","description":"Coussin pour chaise longue avec lacets Fabriqu\u00e9 en Italie. Polyur\u00e9thane et ouate sans CFC Coordonn\u00e9 avec les parasols Allegro et Kronos de Maffei","breadcrumb":{"@id":"https:\/\/www.palarasol.it\/fr\/shop\/accessoires\/coussin-de-lit\/#breadcrumb"},"inLanguage":"fr-FR","potentialAction":[{"@type":"ReadAction","target":["https:\/\/www.palarasol.it\/fr\/shop\/accessoires\/coussin-de-lit\/"]}]},{"@type":"ImageObject","inLanguage":"fr-FR","@id":"https:\/\/www.palarasol.it\/fr\/shop\/accessoires\/coussin-de-lit\/#primaryimage","url":"https:\/\/www.palarasol.it\/wp-content\/uploads\/2017\/07\/cuscino-per-lettino-art731-3.jpg","contentUrl":"https:\/\/www.palarasol.it\/wp-content\/uploads\/2017\/07\/cuscino-per-lettino-art731-3.jpg","width":1000,"height":1000,"caption":"cuscino per lettino"},{"@type":"BreadcrumbList","@id":"https:\/\/www.palarasol.it\/fr\/shop\/accessoires\/coussin-de-lit\/#breadcrumb","itemListElement":[{"@type":"ListItem","position":1,"name":"Home","item":"https:\/\/www.palarasol.it\/fr\/10073-2\/"},{"@type":"ListItem","position":2,"name":"Shop","item":"http:\/\/stagingpalara4.it\/negozio\/"},{"@type":"ListItem","position":3,"name":"Coussin de lit"}]},{"@type":"WebSite","@id":"http:\/\/www.palarasol.it\/fr\/#website","url":"http:\/\/www.palarasol.it\/fr\/","name":"Palarasol","description":"","publisher":{"@id":"http:\/\/www.palarasol.it\/fr\/#organization"},"potentialAction":[{"@type":"SearchAction","target":{"@type":"EntryPoint","urlTemplate":"http:\/\/www.palarasol.it\/fr\/?s={search_term_string}"},"query-input":{"@type":"PropertyValueSpecification","valueRequired":true,"valueName":"search_term_string"}}],"inLanguage":"fr-FR"},{"@type":"Organization","@id":"http:\/\/www.palarasol.it\/fr\/#organization","name":"Palara Gianluca & C. S.a.s","url":"http:\/\/www.palarasol.it\/fr\/","logo":{"@type":"ImageObject","inLanguage":"fr-FR","@id":"http:\/\/www.palarasol.it\/fr\/#\/schema\/logo\/image\/","url":"https:\/\/stagingpalara4.it\/wp-content\/uploads\/2015\/06\/logo.png","contentUrl":"https:\/\/stagingpalara4.it\/wp-content\/uploads\/2015\/06\/logo.png","width":800,"height":189,"caption":"Palara Gianluca & C. S.a.s"},"image":{"@id":"http:\/\/www.palarasol.it\/fr\/#\/schema\/logo\/image\/"},"sameAs":["https:\/\/www.facebook.com\/palarasol","https:\/\/x.com\/palarasol"]}]}},"_links":{"self":[{"href":"https:\/\/www.palarasol.it\/fr\/wp-json\/wp\/v2\/product\/85336","targetHints":{"allow":["GET"]}}],"collection":[{"href":"https:\/\/www.palarasol.it\/fr\/wp-json\/wp\/v2\/product"}],"about":[{"href":"https:\/\/www.palarasol.it\/fr\/wp-json\/wp\/v2\/types\/product"}],"version-history":[{"count":0,"href":"https:\/\/www.palarasol.it\/fr\/wp-json\/wp\/v2\/product\/85336\/revisions"}],"wp:featuredmedia":[{"embeddable":true,"href":"https:\/\/www.palarasol.it\/fr\/wp-json\/wp\/v2\/media\/85337"}],"wp:attachment":[{"href":"https:\/\/www.palarasol.it\/fr\/wp-json\/wp\/v2\/media?parent=85336"}],"wp:term":[{"taxonomy":"product_brand","embeddable":true,"href":"https:\/\/www.palarasol.it\/fr\/wp-json\/wp\/v2\/product_brand?post=85336"},{"taxonomy":"product_cat","embeddable":true,"href":"https:\/\/www.palarasol.it\/fr\/wp-json\/wp\/v2\/product_cat?post=85336"},{"taxonomy":"product_tag","embeddable":true,"href":"https:\/\/www.palarasol.it\/fr\/wp-json\/wp\/v2\/product_tag?post=85336"}],"curies":[{"name":"wp","href":"https:\/\/api.w.org\/{rel}","templated":true}]}}