{"id":85354,"date":"2017-07-20T14:54:50","date_gmt":"2017-07-20T12:54:50","guid":{"rendered":"https:\/\/www.palarasol.it\/shop\/non%20class\u00e9\/base-en-bois-kg-40\/"},"modified":"2025-07-24T11:25:35","modified_gmt":"2025-07-24T09:25:35","slug":"base-en-bois-kg-40","status":"publish","type":"product","link":"https:\/\/www.palarasol.it\/fr\/shop\/pieds\/base-en-bois-kg-40\/","title":{"rendered":"Base en bois kg.40"},"content":{"rendered":"<p><strong>Mat\u00e9riau<\/strong>: b\u00e9ton effet bois<br \/>\n<strong>Couleur :<\/strong> gris<br \/>\nTube central en acier galvanis\u00e9 45mm \/ 55mm \/65mm<br \/>\nPour parasol avec m\u00e2t de 40mm \u00e0 50mm<br \/>\nLa base est compos\u00e9e de 2 dalles superpos\u00e9es<br \/>\nProtection pour sols d\u00e9licats<br \/>\n<strong>Poids :<\/strong> 40kg<br \/>\n<strong>Dimensions :<\/strong> 50x50x7,2 cm<br \/>\nProduit EXCLUSIF Maffei.<br \/>\n<strong>Fabriqu\u00e9 en Italie<\/strong>.<\/p>\n","protected":false},"excerpt":{"rendered":"<p>Mat\u00e9riau: b\u00e9ton effet bois Couleur : gris Tube central en acier galvanis\u00e9 45mm \/ 55mm \/65mm Pour parasol avec m\u00e2t de 40mm \u00e0 50mm La base est compos\u00e9e de 2 dalles superpos\u00e9es Protection pour sols d\u00e9licats Poids : 40kg Dimensions : 50x50x7,2 cm Produit EXCLUSIF Maffei. Fabriqu\u00e9 en Italie.<\/p>\n","protected":false},"featured_media":77325,"template":"","meta":{"_acf_changed":false,"_monsterinsights_skip_tracking":false,"_monsterinsights_sitenote_active":false,"_monsterinsights_sitenote_note":"","_monsterinsights_sitenote_category":0},"product_brand":[],"product_cat":[451],"product_tag":[1093,1092,436,1094,452,454,453],"class_list":{"0":"post-85354","1":"product","2":"type-product","3":"status-publish","4":"has-post-thumbnail","6":"product_cat-pieds","7":"product_tag-base-en-beton","8":"product_tag-base-en-bois","9":"product_tag-fabrique-en-italie","10":"product_tag-gris","11":"product_tag-maffei-fr","12":"product_tag-pied","13":"product_tag-pied-pour-parasol","14":"product_shipping_class-lourd","16":"first","17":"instock","18":"shipping-taxable","19":"purchasable","20":"product-type-variable"},"acf":[],"yoast_head":"<!-- This site is optimized with the Yoast SEO plugin v27.5 - https:\/\/yoast.com\/product\/yoast-seo-wordpress\/ -->\n<title>Base en ciment effet bois - Made in italy - Palarasol<\/title>\n<meta name=\"description\" content=\"Socle en b\u00e9ton effet bois. Couleur : weng\u00e9 Tube central en acier galvanis\u00e9 55mm Pour parasol avec m\u00e2t de 40mm \u00e0 50mm. Fabriqu\u00e9 en Italie. EXCLUSIF Maffei.\" \/>\n<meta name=\"robots\" content=\"index, follow, max-snippet:-1, max-image-preview:large, max-video-preview:-1\" \/>\n<link rel=\"canonical\" href=\"https:\/\/www.palarasol.it\/fr\/shop\/pieds\/base-en-bois-kg-40\/\" \/>\n<meta property=\"og:locale\" content=\"fr_FR\" \/>\n<meta property=\"og:type\" content=\"article\" \/>\n<meta property=\"og:title\" content=\"Base en ciment effet bois - Made in italy - Palarasol\" \/>\n<meta property=\"og:description\" content=\"Socle en b\u00e9ton effet bois. Couleur : weng\u00e9 Tube central en acier galvanis\u00e9 55mm Pour parasol avec m\u00e2t de 40mm \u00e0 50mm. Fabriqu\u00e9 en Italie. EXCLUSIF Maffei.\" \/>\n<meta property=\"og:url\" content=\"https:\/\/www.palarasol.it\/fr\/shop\/pieds\/base-en-bois-kg-40\/\" \/>\n<meta property=\"og:site_name\" content=\"Palarasol\" \/>\n<meta property=\"article:publisher\" content=\"https:\/\/www.facebook.com\/palarasol\" \/>\n<meta property=\"article:modified_time\" content=\"2025-07-24T09:25:35+00:00\" \/>\n<meta property=\"og:image\" content=\"https:\/\/www.palarasol.it\/wp-content\/uploads\/2017\/07\/304x-2.jpg\" \/>\n\t<meta property=\"og:image:width\" content=\"1200\" \/>\n\t<meta property=\"og:image:height\" content=\"800\" \/>\n\t<meta property=\"og:image:type\" content=\"image\/jpeg\" \/>\n<meta name=\"twitter:card\" content=\"summary_large_image\" \/>\n<meta name=\"twitter:site\" content=\"@palarasol\" \/>\n<script type=\"application\/ld+json\" class=\"yoast-schema-graph\">{\"@context\":\"https:\\\/\\\/schema.org\",\"@graph\":[{\"@type\":\"WebPage\",\"@id\":\"https:\\\/\\\/www.palarasol.it\\\/fr\\\/shop\\\/pieds\\\/base-en-bois-kg-40\\\/\",\"url\":\"https:\\\/\\\/www.palarasol.it\\\/fr\\\/shop\\\/pieds\\\/base-en-bois-kg-40\\\/\",\"name\":\"Base en ciment effet bois - Made in italy - Palarasol\",\"isPartOf\":{\"@id\":\"http:\\\/\\\/www.palarasol.it\\\/fr\\\/#website\"},\"primaryImageOfPage\":{\"@id\":\"https:\\\/\\\/www.palarasol.it\\\/fr\\\/shop\\\/pieds\\\/base-en-bois-kg-40\\\/#primaryimage\"},\"image\":{\"@id\":\"https:\\\/\\\/www.palarasol.it\\\/fr\\\/shop\\\/pieds\\\/base-en-bois-kg-40\\\/#primaryimage\"},\"thumbnailUrl\":\"https:\\\/\\\/www.palarasol.it\\\/wp-content\\\/uploads\\\/2017\\\/07\\\/304x-2.jpg\",\"datePublished\":\"2017-07-20T12:54:50+00:00\",\"dateModified\":\"2025-07-24T09:25:35+00:00\",\"description\":\"Socle en b\u00e9ton effet bois. Couleur : weng\u00e9 Tube central en acier galvanis\u00e9 55mm Pour parasol avec m\u00e2t de 40mm \u00e0 50mm. Fabriqu\u00e9 en Italie. EXCLUSIF Maffei.\",\"breadcrumb\":{\"@id\":\"https:\\\/\\\/www.palarasol.it\\\/fr\\\/shop\\\/pieds\\\/base-en-bois-kg-40\\\/#breadcrumb\"},\"inLanguage\":\"fr-FR\",\"potentialAction\":[{\"@type\":\"ReadAction\",\"target\":[\"https:\\\/\\\/www.palarasol.it\\\/fr\\\/shop\\\/pieds\\\/base-en-bois-kg-40\\\/\"]}]},{\"@type\":\"ImageObject\",\"inLanguage\":\"fr-FR\",\"@id\":\"https:\\\/\\\/www.palarasol.it\\\/fr\\\/shop\\\/pieds\\\/base-en-bois-kg-40\\\/#primaryimage\",\"url\":\"https:\\\/\\\/www.palarasol.it\\\/wp-content\\\/uploads\\\/2017\\\/07\\\/304x-2.jpg\",\"contentUrl\":\"https:\\\/\\\/www.palarasol.it\\\/wp-content\\\/uploads\\\/2017\\\/07\\\/304x-2.jpg\",\"width\":1200,\"height\":800,\"caption\":\"base effetto legno\"},{\"@type\":\"BreadcrumbList\",\"@id\":\"https:\\\/\\\/www.palarasol.it\\\/fr\\\/shop\\\/pieds\\\/base-en-bois-kg-40\\\/#breadcrumb\",\"itemListElement\":[{\"@type\":\"ListItem\",\"position\":1,\"name\":\"Home\",\"item\":\"https:\\\/\\\/www.palarasol.it\\\/fr\\\/10073-2\\\/\"},{\"@type\":\"ListItem\",\"position\":2,\"name\":\"Shop\",\"item\":\"http:\\\/\\\/stagingpalara4.it\\\/negozio\\\/\"},{\"@type\":\"ListItem\",\"position\":3,\"name\":\"Pieds\",\"item\":\"https:\\\/\\\/www.palarasol.it\\\/fr\\\/categorie-produit\\\/pieds\\\/\"},{\"@type\":\"ListItem\",\"position\":4,\"name\":\"Base en bois kg.40\"}]},{\"@type\":\"WebSite\",\"@id\":\"http:\\\/\\\/www.palarasol.it\\\/fr\\\/#website\",\"url\":\"http:\\\/\\\/www.palarasol.it\\\/fr\\\/\",\"name\":\"Palarasol\",\"description\":\"\",\"publisher\":{\"@id\":\"http:\\\/\\\/www.palarasol.it\\\/fr\\\/#organization\"},\"potentialAction\":[{\"@type\":\"SearchAction\",\"target\":{\"@type\":\"EntryPoint\",\"urlTemplate\":\"http:\\\/\\\/www.palarasol.it\\\/fr\\\/?s={search_term_string}\"},\"query-input\":{\"@type\":\"PropertyValueSpecification\",\"valueRequired\":true,\"valueName\":\"search_term_string\"}}],\"inLanguage\":\"fr-FR\"},{\"@type\":\"Organization\",\"@id\":\"http:\\\/\\\/www.palarasol.it\\\/fr\\\/#organization\",\"name\":\"Palara Gianluca & C. S.a.s\",\"url\":\"http:\\\/\\\/www.palarasol.it\\\/fr\\\/\",\"logo\":{\"@type\":\"ImageObject\",\"inLanguage\":\"fr-FR\",\"@id\":\"http:\\\/\\\/www.palarasol.it\\\/fr\\\/#\\\/schema\\\/logo\\\/image\\\/\",\"url\":\"https:\\\/\\\/stagingpalara4.it\\\/wp-content\\\/uploads\\\/2015\\\/06\\\/logo.png\",\"contentUrl\":\"https:\\\/\\\/stagingpalara4.it\\\/wp-content\\\/uploads\\\/2015\\\/06\\\/logo.png\",\"width\":800,\"height\":189,\"caption\":\"Palara Gianluca & C. S.a.s\"},\"image\":{\"@id\":\"http:\\\/\\\/www.palarasol.it\\\/fr\\\/#\\\/schema\\\/logo\\\/image\\\/\"},\"sameAs\":[\"https:\\\/\\\/www.facebook.com\\\/palarasol\",\"https:\\\/\\\/x.com\\\/palarasol\"]}]}<\/script>\n<!-- \/ Yoast SEO plugin. -->","yoast_head_json":{"title":"Base en ciment effet bois - Made in italy - Palarasol","description":"Socle en b\u00e9ton effet bois. Couleur : weng\u00e9 Tube central en acier galvanis\u00e9 55mm Pour parasol avec m\u00e2t de 40mm \u00e0 50mm. Fabriqu\u00e9 en Italie. EXCLUSIF Maffei.","robots":{"index":"index","follow":"follow","max-snippet":"max-snippet:-1","max-image-preview":"max-image-preview:large","max-video-preview":"max-video-preview:-1"},"canonical":"https:\/\/www.palarasol.it\/fr\/shop\/pieds\/base-en-bois-kg-40\/","og_locale":"fr_FR","og_type":"article","og_title":"Base en ciment effet bois - Made in italy - Palarasol","og_description":"Socle en b\u00e9ton effet bois. Couleur : weng\u00e9 Tube central en acier galvanis\u00e9 55mm Pour parasol avec m\u00e2t de 40mm \u00e0 50mm. Fabriqu\u00e9 en Italie. EXCLUSIF Maffei.","og_url":"https:\/\/www.palarasol.it\/fr\/shop\/pieds\/base-en-bois-kg-40\/","og_site_name":"Palarasol","article_publisher":"https:\/\/www.facebook.com\/palarasol","article_modified_time":"2025-07-24T09:25:35+00:00","og_image":[{"width":1200,"height":800,"url":"https:\/\/www.palarasol.it\/wp-content\/uploads\/2017\/07\/304x-2.jpg","type":"image\/jpeg"}],"twitter_card":"summary_large_image","twitter_site":"@palarasol","schema":{"@context":"https:\/\/schema.org","@graph":[{"@type":"WebPage","@id":"https:\/\/www.palarasol.it\/fr\/shop\/pieds\/base-en-bois-kg-40\/","url":"https:\/\/www.palarasol.it\/fr\/shop\/pieds\/base-en-bois-kg-40\/","name":"Base en ciment effet bois - Made in italy - Palarasol","isPartOf":{"@id":"http:\/\/www.palarasol.it\/fr\/#website"},"primaryImageOfPage":{"@id":"https:\/\/www.palarasol.it\/fr\/shop\/pieds\/base-en-bois-kg-40\/#primaryimage"},"image":{"@id":"https:\/\/www.palarasol.it\/fr\/shop\/pieds\/base-en-bois-kg-40\/#primaryimage"},"thumbnailUrl":"https:\/\/www.palarasol.it\/wp-content\/uploads\/2017\/07\/304x-2.jpg","datePublished":"2017-07-20T12:54:50+00:00","dateModified":"2025-07-24T09:25:35+00:00","description":"Socle en b\u00e9ton effet bois. Couleur : weng\u00e9 Tube central en acier galvanis\u00e9 55mm Pour parasol avec m\u00e2t de 40mm \u00e0 50mm. Fabriqu\u00e9 en Italie. EXCLUSIF Maffei.","breadcrumb":{"@id":"https:\/\/www.palarasol.it\/fr\/shop\/pieds\/base-en-bois-kg-40\/#breadcrumb"},"inLanguage":"fr-FR","potentialAction":[{"@type":"ReadAction","target":["https:\/\/www.palarasol.it\/fr\/shop\/pieds\/base-en-bois-kg-40\/"]}]},{"@type":"ImageObject","inLanguage":"fr-FR","@id":"https:\/\/www.palarasol.it\/fr\/shop\/pieds\/base-en-bois-kg-40\/#primaryimage","url":"https:\/\/www.palarasol.it\/wp-content\/uploads\/2017\/07\/304x-2.jpg","contentUrl":"https:\/\/www.palarasol.it\/wp-content\/uploads\/2017\/07\/304x-2.jpg","width":1200,"height":800,"caption":"base effetto legno"},{"@type":"BreadcrumbList","@id":"https:\/\/www.palarasol.it\/fr\/shop\/pieds\/base-en-bois-kg-40\/#breadcrumb","itemListElement":[{"@type":"ListItem","position":1,"name":"Home","item":"https:\/\/www.palarasol.it\/fr\/10073-2\/"},{"@type":"ListItem","position":2,"name":"Shop","item":"http:\/\/stagingpalara4.it\/negozio\/"},{"@type":"ListItem","position":3,"name":"Pieds","item":"https:\/\/www.palarasol.it\/fr\/categorie-produit\/pieds\/"},{"@type":"ListItem","position":4,"name":"Base en bois kg.40"}]},{"@type":"WebSite","@id":"http:\/\/www.palarasol.it\/fr\/#website","url":"http:\/\/www.palarasol.it\/fr\/","name":"Palarasol","description":"","publisher":{"@id":"http:\/\/www.palarasol.it\/fr\/#organization"},"potentialAction":[{"@type":"SearchAction","target":{"@type":"EntryPoint","urlTemplate":"http:\/\/www.palarasol.it\/fr\/?s={search_term_string}"},"query-input":{"@type":"PropertyValueSpecification","valueRequired":true,"valueName":"search_term_string"}}],"inLanguage":"fr-FR"},{"@type":"Organization","@id":"http:\/\/www.palarasol.it\/fr\/#organization","name":"Palara Gianluca & C. S.a.s","url":"http:\/\/www.palarasol.it\/fr\/","logo":{"@type":"ImageObject","inLanguage":"fr-FR","@id":"http:\/\/www.palarasol.it\/fr\/#\/schema\/logo\/image\/","url":"https:\/\/stagingpalara4.it\/wp-content\/uploads\/2015\/06\/logo.png","contentUrl":"https:\/\/stagingpalara4.it\/wp-content\/uploads\/2015\/06\/logo.png","width":800,"height":189,"caption":"Palara Gianluca & C. S.a.s"},"image":{"@id":"http:\/\/www.palarasol.it\/fr\/#\/schema\/logo\/image\/"},"sameAs":["https:\/\/www.facebook.com\/palarasol","https:\/\/x.com\/palarasol"]}]}},"_links":{"self":[{"href":"https:\/\/www.palarasol.it\/fr\/wp-json\/wp\/v2\/product\/85354","targetHints":{"allow":["GET"]}}],"collection":[{"href":"https:\/\/www.palarasol.it\/fr\/wp-json\/wp\/v2\/product"}],"about":[{"href":"https:\/\/www.palarasol.it\/fr\/wp-json\/wp\/v2\/types\/product"}],"version-history":[{"count":0,"href":"https:\/\/www.palarasol.it\/fr\/wp-json\/wp\/v2\/product\/85354\/revisions"}],"wp:featuredmedia":[{"embeddable":true,"href":"https:\/\/www.palarasol.it\/fr\/wp-json\/wp\/v2\/media\/77325"}],"wp:attachment":[{"href":"https:\/\/www.palarasol.it\/fr\/wp-json\/wp\/v2\/media?parent=85354"}],"wp:term":[{"taxonomy":"product_brand","embeddable":true,"href":"https:\/\/www.palarasol.it\/fr\/wp-json\/wp\/v2\/product_brand?post=85354"},{"taxonomy":"product_cat","embeddable":true,"href":"https:\/\/www.palarasol.it\/fr\/wp-json\/wp\/v2\/product_cat?post=85354"},{"taxonomy":"product_tag","embeddable":true,"href":"https:\/\/www.palarasol.it\/fr\/wp-json\/wp\/v2\/product_tag?post=85354"}],"curies":[{"name":"wp","href":"https:\/\/api.w.org\/{rel}","templated":true}]}}