{"id":85357,"date":"2017-07-04T16:05:39","date_gmt":"2017-07-04T14:05:39","guid":{"rendered":"https:\/\/www.palarasol.it\/shop\/non%20class\u00e9\/coussins-pour-chaises-40x40x5\/"},"modified":"2025-07-24T11:34:22","modified_gmt":"2025-07-24T09:34:22","slug":"coussins-pour-chaises-40x40x5","status":"publish","type":"product","link":"https:\/\/www.palarasol.it\/fr\/shop\/accessoires\/coussins-pour-chaises-40x40x5\/","title":{"rendered":"Coussins pour chaises 40x40x5"},"content":{"rendered":"<p><strong>Tissu : <\/strong>Dralon 190 gr. Polyur\u00e9thane et ouate sans CFC<strong><br \/>\nDimensions<\/strong>: longueur 40cm, largeur 40cm, \u00e9paisseur 5cm<br \/>\n<strong>Solidit\u00e9 des couleurs<\/strong>: 5-7<\/p>\n<p>Parasols Maffei Allegro et Kronos assortis<br \/>\nEnsemble de 4 coussins avec lacets. Housses amovibles avec fermeture \u00e9clair<br \/>\n<strong>Fabriqu\u00e9 en Italie<\/strong><\/p>\n","protected":false},"excerpt":{"rendered":"<p>art 700 Maffei cm 40&#215;40 h. cm 5 <\/p>\n<p>Couleurs disponibles :<\/p>\n<p><a href=\"https:\/\/www.palarasol.it\/wp-content\/uploads\/2017\/07\/art700_701_cuscini_colori.png\"><img decoding=\"async\" class=\"alignnone size-full wp-image-9991\" src=\"https:\/\/www.palarasol.it\/wp-content\/uploads\/2017\/07\/art700_701_cuscini_colori.png\" alt=\"art 700 701 coussins couleurs\" width=\"495\" height=\"61\" srcset=\"https:\/\/www.palarasol.it\/wp-content\/uploads\/2017\/07\/art700_701_cuscini_colori.png 495w, https:\/\/www.palarasol.it\/wp-content\/uploads\/2017\/07\/art700_701_cuscini_colori-300x37.png 300w\" sizes=\"(max-width: 495px) 100vw, 495px\" \/><\/a><\/p>\n<p><a href=\"https:\/\/www.palarasol.it\/wp-content\/uploads\/2017\/07\/art700_701_cuscini_colori_1.png\"><img decoding=\"async\" class=\"alignnone size-full wp-image-9994\" src=\"https:\/\/www.palarasol.it\/wp-content\/uploads\/2017\/07\/art700_701_cuscini_colori_1.png\" alt=\"art 700 701 coussins couleurs\" width=\"734\" height=\"56\" srcset=\"https:\/\/www.palarasol.it\/wp-content\/uploads\/2017\/07\/art700_701_cuscini_colori_1.png 734w, https:\/\/www.palarasol.it\/wp-content\/uploads\/2017\/07\/art700_701_cuscini_colori_1-600x46.png 600w, https:\/\/www.palarasol.it\/wp-content\/uploads\/2017\/07\/art700_701_cuscini_colori_1-300x23.png 300w\" sizes=\"(max-width: 734px) 100vw, 734px\" \/><\/a><\/p>\n","protected":false},"featured_media":56826,"template":"","meta":{"_acf_changed":false,"_monsterinsights_skip_tracking":false,"_monsterinsights_sitenote_active":false,"_monsterinsights_sitenote_note":"","_monsterinsights_sitenote_category":0},"product_brand":[],"product_cat":[463,609],"product_tag":[1095,1096,1086,1087,1085,1084,436,452],"class_list":{"0":"post-85357","1":"product","2":"type-product","3":"status-publish","4":"has-post-thumbnail","6":"product_cat-accessoires","7":"product_cat-coussins","8":"product_tag-coussin","9":"product_tag-coussin-de-chaise","10":"product_tag-coussins-dexterieur","11":"product_tag-coussins-de-jardin","12":"product_tag-coussins-pour-chaises","13":"product_tag-ensemble-de-4-coussins","14":"product_tag-fabrique-en-italie","15":"product_tag-maffei-fr","17":"first","18":"instock","19":"shipping-taxable","20":"purchasable","21":"product-type-variable"},"acf":[],"yoast_head":"<!-- This site is optimized with the Yoast SEO plugin v27.5 - https:\/\/yoast.com\/product\/yoast-seo-wordpress\/ -->\n<title>Set de 4 coussins 40x40x5 - Made in Italy - Palarasol<\/title>\n<meta name=\"description\" content=\"Jeu de 4 coussins pour chaises Fabriqu\u00e9 en Italie. Polyur\u00e9thane et ouate sans CFC Coordonn\u00e9 avec les parasols Allegro et Kronos de Maffei.\" \/>\n<meta name=\"robots\" content=\"index, follow, max-snippet:-1, max-image-preview:large, max-video-preview:-1\" \/>\n<link rel=\"canonical\" href=\"https:\/\/www.palarasol.it\/fr\/shop\/accessoires\/coussins-pour-chaises-40x40x5\/\" \/>\n<meta property=\"og:locale\" content=\"fr_FR\" \/>\n<meta property=\"og:type\" content=\"article\" \/>\n<meta property=\"og:title\" content=\"Set de 4 coussins 40x40x5 - Made in Italy - Palarasol\" \/>\n<meta property=\"og:description\" content=\"Jeu de 4 coussins pour chaises Fabriqu\u00e9 en Italie. Polyur\u00e9thane et ouate sans CFC Coordonn\u00e9 avec les parasols Allegro et Kronos de Maffei.\" \/>\n<meta property=\"og:url\" content=\"https:\/\/www.palarasol.it\/fr\/shop\/accessoires\/coussins-pour-chaises-40x40x5\/\" \/>\n<meta property=\"og:site_name\" content=\"Palarasol\" \/>\n<meta property=\"article:publisher\" content=\"https:\/\/www.facebook.com\/palarasol\" \/>\n<meta property=\"article:modified_time\" content=\"2025-07-24T09:34:22+00:00\" \/>\n<meta property=\"og:image\" content=\"https:\/\/www.palarasol.it\/wp-content\/uploads\/2017\/07\/cuscini-per-sedie-art700-turchese.jpg\" \/>\n\t<meta property=\"og:image:width\" content=\"1000\" \/>\n\t<meta property=\"og:image:height\" content=\"1000\" \/>\n\t<meta property=\"og:image:type\" content=\"image\/jpeg\" \/>\n<meta name=\"twitter:card\" content=\"summary_large_image\" \/>\n<meta name=\"twitter:site\" content=\"@palarasol\" \/>\n<script type=\"application\/ld+json\" class=\"yoast-schema-graph\">{\"@context\":\"https:\\\/\\\/schema.org\",\"@graph\":[{\"@type\":\"WebPage\",\"@id\":\"https:\\\/\\\/www.palarasol.it\\\/fr\\\/shop\\\/accessoires\\\/coussins-pour-chaises-40x40x5\\\/\",\"url\":\"https:\\\/\\\/www.palarasol.it\\\/fr\\\/shop\\\/accessoires\\\/coussins-pour-chaises-40x40x5\\\/\",\"name\":\"Set de 4 coussins 40x40x5 - Made in Italy - Palarasol\",\"isPartOf\":{\"@id\":\"http:\\\/\\\/www.palarasol.it\\\/fr\\\/#website\"},\"primaryImageOfPage\":{\"@id\":\"https:\\\/\\\/www.palarasol.it\\\/fr\\\/shop\\\/accessoires\\\/coussins-pour-chaises-40x40x5\\\/#primaryimage\"},\"image\":{\"@id\":\"https:\\\/\\\/www.palarasol.it\\\/fr\\\/shop\\\/accessoires\\\/coussins-pour-chaises-40x40x5\\\/#primaryimage\"},\"thumbnailUrl\":\"https:\\\/\\\/www.palarasol.it\\\/wp-content\\\/uploads\\\/2017\\\/07\\\/cuscini-per-sedie-art700-turchese.jpg\",\"datePublished\":\"2017-07-04T14:05:39+00:00\",\"dateModified\":\"2025-07-24T09:34:22+00:00\",\"description\":\"Jeu de 4 coussins pour chaises Fabriqu\u00e9 en Italie. Polyur\u00e9thane et ouate sans CFC Coordonn\u00e9 avec les parasols Allegro et Kronos de Maffei.\",\"breadcrumb\":{\"@id\":\"https:\\\/\\\/www.palarasol.it\\\/fr\\\/shop\\\/accessoires\\\/coussins-pour-chaises-40x40x5\\\/#breadcrumb\"},\"inLanguage\":\"fr-FR\",\"potentialAction\":[{\"@type\":\"ReadAction\",\"target\":[\"https:\\\/\\\/www.palarasol.it\\\/fr\\\/shop\\\/accessoires\\\/coussins-pour-chaises-40x40x5\\\/\"]}]},{\"@type\":\"ImageObject\",\"inLanguage\":\"fr-FR\",\"@id\":\"https:\\\/\\\/www.palarasol.it\\\/fr\\\/shop\\\/accessoires\\\/coussins-pour-chaises-40x40x5\\\/#primaryimage\",\"url\":\"https:\\\/\\\/www.palarasol.it\\\/wp-content\\\/uploads\\\/2017\\\/07\\\/cuscini-per-sedie-art700-turchese.jpg\",\"contentUrl\":\"https:\\\/\\\/www.palarasol.it\\\/wp-content\\\/uploads\\\/2017\\\/07\\\/cuscini-per-sedie-art700-turchese.jpg\",\"width\":1000,\"height\":1000,\"caption\":\"art700 coussins de chaise\"},{\"@type\":\"BreadcrumbList\",\"@id\":\"https:\\\/\\\/www.palarasol.it\\\/fr\\\/shop\\\/accessoires\\\/coussins-pour-chaises-40x40x5\\\/#breadcrumb\",\"itemListElement\":[{\"@type\":\"ListItem\",\"position\":1,\"name\":\"Home\",\"item\":\"https:\\\/\\\/www.palarasol.it\\\/fr\\\/10073-2\\\/\"},{\"@type\":\"ListItem\",\"position\":2,\"name\":\"Shop\",\"item\":\"http:\\\/\\\/stagingpalara4.it\\\/negozio\\\/\"},{\"@type\":\"ListItem\",\"position\":3,\"name\":\"Coussins\",\"item\":\"https:\\\/\\\/www.palarasol.it\\\/fr\\\/categorie-produit\\\/coussins\\\/\"},{\"@type\":\"ListItem\",\"position\":4,\"name\":\"Coussins pour chaises 40x40x5\"}]},{\"@type\":\"WebSite\",\"@id\":\"http:\\\/\\\/www.palarasol.it\\\/fr\\\/#website\",\"url\":\"http:\\\/\\\/www.palarasol.it\\\/fr\\\/\",\"name\":\"Palarasol\",\"description\":\"\",\"publisher\":{\"@id\":\"http:\\\/\\\/www.palarasol.it\\\/fr\\\/#organization\"},\"potentialAction\":[{\"@type\":\"SearchAction\",\"target\":{\"@type\":\"EntryPoint\",\"urlTemplate\":\"http:\\\/\\\/www.palarasol.it\\\/fr\\\/?s={search_term_string}\"},\"query-input\":{\"@type\":\"PropertyValueSpecification\",\"valueRequired\":true,\"valueName\":\"search_term_string\"}}],\"inLanguage\":\"fr-FR\"},{\"@type\":\"Organization\",\"@id\":\"http:\\\/\\\/www.palarasol.it\\\/fr\\\/#organization\",\"name\":\"Palara Gianluca & C. S.a.s\",\"url\":\"http:\\\/\\\/www.palarasol.it\\\/fr\\\/\",\"logo\":{\"@type\":\"ImageObject\",\"inLanguage\":\"fr-FR\",\"@id\":\"http:\\\/\\\/www.palarasol.it\\\/fr\\\/#\\\/schema\\\/logo\\\/image\\\/\",\"url\":\"https:\\\/\\\/stagingpalara4.it\\\/wp-content\\\/uploads\\\/2015\\\/06\\\/logo.png\",\"contentUrl\":\"https:\\\/\\\/stagingpalara4.it\\\/wp-content\\\/uploads\\\/2015\\\/06\\\/logo.png\",\"width\":800,\"height\":189,\"caption\":\"Palara Gianluca & C. S.a.s\"},\"image\":{\"@id\":\"http:\\\/\\\/www.palarasol.it\\\/fr\\\/#\\\/schema\\\/logo\\\/image\\\/\"},\"sameAs\":[\"https:\\\/\\\/www.facebook.com\\\/palarasol\",\"https:\\\/\\\/x.com\\\/palarasol\"]}]}<\/script>\n<!-- \/ Yoast SEO plugin. -->","yoast_head_json":{"title":"Set de 4 coussins 40x40x5 - Made in Italy - Palarasol","description":"Jeu de 4 coussins pour chaises Fabriqu\u00e9 en Italie. Polyur\u00e9thane et ouate sans CFC Coordonn\u00e9 avec les parasols Allegro et Kronos de Maffei.","robots":{"index":"index","follow":"follow","max-snippet":"max-snippet:-1","max-image-preview":"max-image-preview:large","max-video-preview":"max-video-preview:-1"},"canonical":"https:\/\/www.palarasol.it\/fr\/shop\/accessoires\/coussins-pour-chaises-40x40x5\/","og_locale":"fr_FR","og_type":"article","og_title":"Set de 4 coussins 40x40x5 - Made in Italy - Palarasol","og_description":"Jeu de 4 coussins pour chaises Fabriqu\u00e9 en Italie. Polyur\u00e9thane et ouate sans CFC Coordonn\u00e9 avec les parasols Allegro et Kronos de Maffei.","og_url":"https:\/\/www.palarasol.it\/fr\/shop\/accessoires\/coussins-pour-chaises-40x40x5\/","og_site_name":"Palarasol","article_publisher":"https:\/\/www.facebook.com\/palarasol","article_modified_time":"2025-07-24T09:34:22+00:00","og_image":[{"width":1000,"height":1000,"url":"https:\/\/www.palarasol.it\/wp-content\/uploads\/2017\/07\/cuscini-per-sedie-art700-turchese.jpg","type":"image\/jpeg"}],"twitter_card":"summary_large_image","twitter_site":"@palarasol","schema":{"@context":"https:\/\/schema.org","@graph":[{"@type":"WebPage","@id":"https:\/\/www.palarasol.it\/fr\/shop\/accessoires\/coussins-pour-chaises-40x40x5\/","url":"https:\/\/www.palarasol.it\/fr\/shop\/accessoires\/coussins-pour-chaises-40x40x5\/","name":"Set de 4 coussins 40x40x5 - Made in Italy - Palarasol","isPartOf":{"@id":"http:\/\/www.palarasol.it\/fr\/#website"},"primaryImageOfPage":{"@id":"https:\/\/www.palarasol.it\/fr\/shop\/accessoires\/coussins-pour-chaises-40x40x5\/#primaryimage"},"image":{"@id":"https:\/\/www.palarasol.it\/fr\/shop\/accessoires\/coussins-pour-chaises-40x40x5\/#primaryimage"},"thumbnailUrl":"https:\/\/www.palarasol.it\/wp-content\/uploads\/2017\/07\/cuscini-per-sedie-art700-turchese.jpg","datePublished":"2017-07-04T14:05:39+00:00","dateModified":"2025-07-24T09:34:22+00:00","description":"Jeu de 4 coussins pour chaises Fabriqu\u00e9 en Italie. Polyur\u00e9thane et ouate sans CFC Coordonn\u00e9 avec les parasols Allegro et Kronos de Maffei.","breadcrumb":{"@id":"https:\/\/www.palarasol.it\/fr\/shop\/accessoires\/coussins-pour-chaises-40x40x5\/#breadcrumb"},"inLanguage":"fr-FR","potentialAction":[{"@type":"ReadAction","target":["https:\/\/www.palarasol.it\/fr\/shop\/accessoires\/coussins-pour-chaises-40x40x5\/"]}]},{"@type":"ImageObject","inLanguage":"fr-FR","@id":"https:\/\/www.palarasol.it\/fr\/shop\/accessoires\/coussins-pour-chaises-40x40x5\/#primaryimage","url":"https:\/\/www.palarasol.it\/wp-content\/uploads\/2017\/07\/cuscini-per-sedie-art700-turchese.jpg","contentUrl":"https:\/\/www.palarasol.it\/wp-content\/uploads\/2017\/07\/cuscini-per-sedie-art700-turchese.jpg","width":1000,"height":1000,"caption":"art700 coussins de chaise"},{"@type":"BreadcrumbList","@id":"https:\/\/www.palarasol.it\/fr\/shop\/accessoires\/coussins-pour-chaises-40x40x5\/#breadcrumb","itemListElement":[{"@type":"ListItem","position":1,"name":"Home","item":"https:\/\/www.palarasol.it\/fr\/10073-2\/"},{"@type":"ListItem","position":2,"name":"Shop","item":"http:\/\/stagingpalara4.it\/negozio\/"},{"@type":"ListItem","position":3,"name":"Coussins","item":"https:\/\/www.palarasol.it\/fr\/categorie-produit\/coussins\/"},{"@type":"ListItem","position":4,"name":"Coussins pour chaises 40x40x5"}]},{"@type":"WebSite","@id":"http:\/\/www.palarasol.it\/fr\/#website","url":"http:\/\/www.palarasol.it\/fr\/","name":"Palarasol","description":"","publisher":{"@id":"http:\/\/www.palarasol.it\/fr\/#organization"},"potentialAction":[{"@type":"SearchAction","target":{"@type":"EntryPoint","urlTemplate":"http:\/\/www.palarasol.it\/fr\/?s={search_term_string}"},"query-input":{"@type":"PropertyValueSpecification","valueRequired":true,"valueName":"search_term_string"}}],"inLanguage":"fr-FR"},{"@type":"Organization","@id":"http:\/\/www.palarasol.it\/fr\/#organization","name":"Palara Gianluca & C. S.a.s","url":"http:\/\/www.palarasol.it\/fr\/","logo":{"@type":"ImageObject","inLanguage":"fr-FR","@id":"http:\/\/www.palarasol.it\/fr\/#\/schema\/logo\/image\/","url":"https:\/\/stagingpalara4.it\/wp-content\/uploads\/2015\/06\/logo.png","contentUrl":"https:\/\/stagingpalara4.it\/wp-content\/uploads\/2015\/06\/logo.png","width":800,"height":189,"caption":"Palara Gianluca & C. S.a.s"},"image":{"@id":"http:\/\/www.palarasol.it\/fr\/#\/schema\/logo\/image\/"},"sameAs":["https:\/\/www.facebook.com\/palarasol","https:\/\/x.com\/palarasol"]}]}},"_links":{"self":[{"href":"https:\/\/www.palarasol.it\/fr\/wp-json\/wp\/v2\/product\/85357","targetHints":{"allow":["GET"]}}],"collection":[{"href":"https:\/\/www.palarasol.it\/fr\/wp-json\/wp\/v2\/product"}],"about":[{"href":"https:\/\/www.palarasol.it\/fr\/wp-json\/wp\/v2\/types\/product"}],"version-history":[{"count":0,"href":"https:\/\/www.palarasol.it\/fr\/wp-json\/wp\/v2\/product\/85357\/revisions"}],"wp:featuredmedia":[{"embeddable":true,"href":"https:\/\/www.palarasol.it\/fr\/wp-json\/wp\/v2\/media\/56826"}],"wp:attachment":[{"href":"https:\/\/www.palarasol.it\/fr\/wp-json\/wp\/v2\/media?parent=85357"}],"wp:term":[{"taxonomy":"product_brand","embeddable":true,"href":"https:\/\/www.palarasol.it\/fr\/wp-json\/wp\/v2\/product_brand?post=85357"},{"taxonomy":"product_cat","embeddable":true,"href":"https:\/\/www.palarasol.it\/fr\/wp-json\/wp\/v2\/product_cat?post=85357"},{"taxonomy":"product_tag","embeddable":true,"href":"https:\/\/www.palarasol.it\/fr\/wp-json\/wp\/v2\/product_tag?post=85357"}],"curies":[{"name":"wp","href":"https:\/\/api.w.org\/{rel}","templated":true}]}}